{"id":374,"date":"2024-01-15T17:16:44","date_gmt":"2024-01-15T17:16:44","guid":{"rendered":"https:\/\/katalog.festi.pl\/?post_type=product&#038;p=374"},"modified":"2024-01-19T12:25:08","modified_gmt":"2024-01-19T12:25:08","slug":"stolik-slice","status":"publish","type":"product","link":"https:\/\/katalog.festi.pl\/nl\/product\/stolik-slice\/","title":{"rendered":"Salontafel SLICE"},"content":{"rendered":"<p>De originele SLICE salontafel is een echt kunstwerk in klein formaat. Het onderscheidt zich door zijn ongewone uitvoering, waarbij een eiken stuk bedekt met een beschermende lak als blad dient. In combinatie met de metalen basis is het een uitstekende decoratie voor interieurs in verschillende stijlen, waardoor ze een bijzondere sfeer krijgen.<\/p>\n<p>De schoonheid van natuurlijk hout in het SLICE model is zichtbaar in elk detail. Naast de esthetische waarden is de tafel ook een onmisbare metgezel tijdens het ontspannen met een kopje van je favoriete koffie of thee.<\/p>\n<p class=\" translation-block\">Productkenmerken:\n\nrond blad van eikenhout, natuurlijke houtkleur, industrieel design, solide constructie, mogelijkheid om de houtafwerking aan te passen aan een individuele bestelling. We maken elk product met de hand volgens uw bestelling.<\/p>\n<p>Neem contact met ons op, samen zullen we de details van uw project bepalen.<\/p>","protected":false},"excerpt":{"rendered":"<p>Oryginalny stolik kawowy SLICE to prawdziwe dzie\u0142o sztuki w niewielkich rozmiarach. Charakteryzuje go nietuzinkowe wykonanie, w kt\u00f3rym za blat s\u0142u\u017cy d\u0119bowy plaster pokryty lakierem ochronnym. W po\u0142\u0105czeniu z metalowym stela\u017cem stanowi on doskona\u0142\u0105 ozdob\u0119 wn\u0119trz w r\u00f3\u017cnym stylu, nadaj\u0105c im niepowtarzalnego klimatu. Pi\u0119kno naturalnego drewna w modelu SLICE jest widoczne w ka\u017cdym detalu. Opr\u00f3cz walor\u00f3w [&hellip;]<\/p>","protected":false},"featured_media":447,"comment_status":"open","ping_status":"closed","template":"","meta":[],"product_cat":[25],"product_tag":[],"_links":{"self":[{"href":"https:\/\/katalog.festi.pl\/nl\/wp-json\/wp\/v2\/product\/374"}],"collection":[{"href":"https:\/\/katalog.festi.pl\/nl\/wp-json\/wp\/v2\/product"}],"about":[{"href":"https:\/\/katalog.festi.pl\/nl\/wp-json\/wp\/v2\/types\/product"}],"replies":[{"embeddable":true,"href":"https:\/\/katalog.festi.pl\/nl\/wp-json\/wp\/v2\/comments?post=374"}],"wp:featuredmedia":[{"embeddable":true,"href":"https:\/\/katalog.festi.pl\/nl\/wp-json\/wp\/v2\/media\/447"}],"wp:attachment":[{"href":"https:\/\/katalog.festi.pl\/nl\/wp-json\/wp\/v2\/media?parent=374"}],"wp:term":[{"taxonomy":"product_cat","embeddable":true,"href":"https:\/\/katalog.festi.pl\/nl\/wp-json\/wp\/v2\/product_cat?post=374"},{"taxonomy":"product_tag","embeddable":true,"href":"https:\/\/katalog.festi.pl\/nl\/wp-json\/wp\/v2\/product_tag?post=374"}],"curies":[{"name":"wp","href":"https:\/\/api.w.org\/{rel}","templated":true}]}}