{"id":353,"date":"2024-01-15T17:16:20","date_gmt":"2024-01-15T17:16:20","guid":{"rendered":"https:\/\/katalog.festi.pl\/?post_type=product&#038;p=353"},"modified":"2024-01-19T12:27:24","modified_gmt":"2024-01-19T12:27:24","slug":"stolik-circle","status":"publish","type":"product","link":"https:\/\/katalog.festi.pl\/nl\/product\/stolik-circle\/","title":{"rendered":"Salontafel CIRCLE"},"content":{"rendered":"<p>De CIRCLE salontafel valt op door zijn ronde vorm, die veel inrichtingsmogelijkheden biedt. De eenvoudige stijl, waarin het sterke blad van massief eikenhout wordt gecombineerd met een metalen basis, is een bijzonder decoratief element voor huizen en kantoorruimtes. De coating met beschermende lak zorgt voor kwaliteit voor de komende jaren.<\/p>\n<p>De schoonheid van natuurlijk hout in het CIRCLE model is zichtbaar in elk detail. Naast de esthetische waarden is de tafel ook een onmisbare metgezel tijdens het ontspannen met een kopje van je favoriete koffie of thee.<\/p>\n<p class=\" translation-block\">Productkenmerken:\n\nrond blad van eikenhout, natuurlijke houtkleur, industrieel design, solide constructie, mogelijkheid om de houtafwerking aan te passen aan een individuele bestelling. We maken elk product met de hand volgens uw bestelling.<\/p>\n<p>Neem contact met ons op, samen zullen we de details van uw project bepalen.<\/p>","protected":false},"excerpt":{"rendered":"<p>Stolik kawowy CIRCLE charakteryzuje si\u0119 okr\u0105g\u0142\u0105 powierzchni\u0105, co zapewnia wiele mo\u017cliwo\u015bci aran\u017cacyjnych. Minimalistyczny design, w kt\u00f3rym solidny blat z litego drewna d\u0119bowego \u0142\u0105czy si\u0119 z metalowym stela\u017cem, stanowi wyj\u0105tkowy element aran\u017cacyjny do dom\u00f3w i przestrzeni biurowych. Pokrycie lakierem ochronnym gwarantuje jako\u015b\u0107 na lata. Pi\u0119kno naturalnego drewna w modelu CIRCLE jest widoczne w ka\u017cdym detalu. Opr\u00f3cz [&hellip;]<\/p>","protected":false},"featured_media":446,"comment_status":"open","ping_status":"closed","template":"","meta":[],"product_cat":[25],"product_tag":[],"_links":{"self":[{"href":"https:\/\/katalog.festi.pl\/nl\/wp-json\/wp\/v2\/product\/353"}],"collection":[{"href":"https:\/\/katalog.festi.pl\/nl\/wp-json\/wp\/v2\/product"}],"about":[{"href":"https:\/\/katalog.festi.pl\/nl\/wp-json\/wp\/v2\/types\/product"}],"replies":[{"embeddable":true,"href":"https:\/\/katalog.festi.pl\/nl\/wp-json\/wp\/v2\/comments?post=353"}],"wp:featuredmedia":[{"embeddable":true,"href":"https:\/\/katalog.festi.pl\/nl\/wp-json\/wp\/v2\/media\/446"}],"wp:attachment":[{"href":"https:\/\/katalog.festi.pl\/nl\/wp-json\/wp\/v2\/media?parent=353"}],"wp:term":[{"taxonomy":"product_cat","embeddable":true,"href":"https:\/\/katalog.festi.pl\/nl\/wp-json\/wp\/v2\/product_cat?post=353"},{"taxonomy":"product_tag","embeddable":true,"href":"https:\/\/katalog.festi.pl\/nl\/wp-json\/wp\/v2\/product_tag?post=353"}],"curies":[{"name":"wp","href":"https:\/\/api.w.org\/{rel}","templated":true}]}}