{"id":350,"date":"2024-01-15T17:16:20","date_gmt":"2024-01-15T17:16:20","guid":{"rendered":"https:\/\/katalog.festi.pl\/?post_type=product&#038;p=350"},"modified":"2024-01-19T12:27:12","modified_gmt":"2024-01-19T12:27:12","slug":"stol-jesionowy-cut","status":"publish","type":"product","link":"https:\/\/katalog.festi.pl\/nl\/product\/stol-jesionowy-cut\/","title":{"rendered":"ST\u00d3\u0141 JESIONOWY &#8222;CUT&#8221;"},"content":{"rendered":"<p>\"De CUT tafel past perfect in minimalistische ruimtes. Het essen hout heeft een lichte tint en minder natuurlijke knopen en scheuren, wat het elegantie geeft. De onregelmatige rand van het blad geeft de CUT tafel een unieke vorm die hem onderscheidt van de klassieke modellen.<\/p>\n<p>In ons aanbod vindt u een breed scala aan tafels die op maat worden gemaakt. Alle producten worden met de hand gemaakt van materialen van de hoogste kwaliteit. Het product wordt gemonteerd bij u afgeleverd.<\/p>\n<p class=\" translation-block\">Productkenmerken:\n\nafmetingen: 200 x 100 cm, hoogte: 77 cm, dikte: 6 cm, blad van massief essen hout, onregelmatige rand, hout zonder knopen en scheuren, natuurlijke tint, beschermd met matte lak, modern design. We maken elk meubel met de hand volgens uw bestelling. We bieden de mogelijkheid om het hout en het profiel van het blad, de kleur en het frame aan te passen.<\/p>\n<p>Neem contact met ons op, samen zullen we de details van uw project bepalen.<\/p>","protected":false},"excerpt":{"rendered":"<p>St\u00f3\u0142 CUT idealnie komponuje si\u0119 z minimalistycznymi przestrzeniami. Drewno jesionowe charakteryzuje si\u0119 jasnym odcieniem oraz mniejsz\u0105 ilo\u015bci\u0105 naturalnych s\u0119k\u00f3w i p\u0119kni\u0119\u0107, co nadaje mu elegancji. Nietuzinkowej formy dodaje nieregularna kraw\u0119d\u017a blatu, kt\u00f3ra wyr\u00f3\u017cnia st\u00f3\u0142 CUT spo\u015br\u00f3d klasycznych modeli. W naszej ofercie znajdziesz szerok\u0105 gam\u0119 sto\u0142\u00f3w produkowanych na indywidualne zam\u00f3wienie. Wszystkie produkty wykonywane s\u0105 r\u0119cznie z [&hellip;]<\/p>","protected":false},"featured_media":440,"comment_status":"open","ping_status":"closed","template":"","meta":[],"product_cat":[23],"product_tag":[],"_links":{"self":[{"href":"https:\/\/katalog.festi.pl\/nl\/wp-json\/wp\/v2\/product\/350"}],"collection":[{"href":"https:\/\/katalog.festi.pl\/nl\/wp-json\/wp\/v2\/product"}],"about":[{"href":"https:\/\/katalog.festi.pl\/nl\/wp-json\/wp\/v2\/types\/product"}],"replies":[{"embeddable":true,"href":"https:\/\/katalog.festi.pl\/nl\/wp-json\/wp\/v2\/comments?post=350"}],"wp:featuredmedia":[{"embeddable":true,"href":"https:\/\/katalog.festi.pl\/nl\/wp-json\/wp\/v2\/media\/440"}],"wp:attachment":[{"href":"https:\/\/katalog.festi.pl\/nl\/wp-json\/wp\/v2\/media?parent=350"}],"wp:term":[{"taxonomy":"product_cat","embeddable":true,"href":"https:\/\/katalog.festi.pl\/nl\/wp-json\/wp\/v2\/product_cat?post=350"},{"taxonomy":"product_tag","embeddable":true,"href":"https:\/\/katalog.festi.pl\/nl\/wp-json\/wp\/v2\/product_tag?post=350"}],"curies":[{"name":"wp","href":"https:\/\/api.w.org\/{rel}","templated":true}]}}