{"id":348,"date":"2024-01-15T17:16:20","date_gmt":"2024-01-15T17:16:20","guid":{"rendered":"https:\/\/katalog.festi.pl\/?post_type=product&#038;p=348"},"modified":"2024-01-19T12:26:55","modified_gmt":"2024-01-19T12:26:55","slug":"stol-debowy-patina","status":"publish","type":"product","link":"https:\/\/katalog.festi.pl\/nl\/product\/stol-debowy-patina\/","title":{"rendered":"ST\u00d3\u0141 D\u0118BOWY &#8222;PATINA&#8221;"},"content":{"rendered":"<p>De PATINA tafel is een modern model dat perfect past in interieurs met verschillende stijlen. Het wordt gekenmerkt door een eenvoudig, langwerpig blad en een donkere houtafwerking, die in combinatie met het metalen frame geschilderd met poedercoating in zwart een perfecte aanvulling vormt op elk interieur.<\/p>\n<p>In ons aanbod vindt u een breed scala aan tafels die op maat worden gemaakt. Alle producten worden met de hand gemaakt van materialen van de hoogste kwaliteit. Het product wordt gemonteerd bij u afgeleverd.<\/p>\n<p class=\" translation-block\">Productkenmerken:\n\nafmetingen: 250 x 100 cm, hoogte: 77 cm, dikte: 4 cm, blad van massief eikenhout, scheuren en knopen gevuld met zwarte hars, kleur patina, beschermd met matte lak, modern design. We maken elk meubel met de hand volgens uw bestelling. We bieden de mogelijkheid om het hout en het profiel van het blad, de kleur en het frame aan te passen.<\/p>\n<p>Neem contact met ons op, samen zullen we de details van uw project bepalen.<\/p>","protected":false},"excerpt":{"rendered":"<p>St\u00f3\u0142 PATINA to nowoczesny model, kt\u00f3ry doskonale nadaje si\u0119 do wn\u0119trz o r\u00f3\u017cnorodnej stylistyce. Charakteryzuje go prosty, wyd\u0142u\u017cony blat oraz ciemne wyko\u0144czenie drewna, kt\u00f3re w po\u0142\u0105czeniu z metalowym stela\u017cem malowanym farb\u0105 proszkow\u0105 w kolorze czarnym stanowi idealne dope\u0142nienie ka\u017cdego wn\u0119trza. W naszej ofercie znajdziesz szerok\u0105 gam\u0119 sto\u0142\u00f3w produkowanych na indywidualne zam\u00f3wienie. Wszystkie produkty wykonywane s\u0105 [&hellip;]<\/p>","protected":false},"featured_media":427,"comment_status":"open","ping_status":"closed","template":"","meta":[],"product_cat":[23],"product_tag":[],"_links":{"self":[{"href":"https:\/\/katalog.festi.pl\/nl\/wp-json\/wp\/v2\/product\/348"}],"collection":[{"href":"https:\/\/katalog.festi.pl\/nl\/wp-json\/wp\/v2\/product"}],"about":[{"href":"https:\/\/katalog.festi.pl\/nl\/wp-json\/wp\/v2\/types\/product"}],"replies":[{"embeddable":true,"href":"https:\/\/katalog.festi.pl\/nl\/wp-json\/wp\/v2\/comments?post=348"}],"wp:featuredmedia":[{"embeddable":true,"href":"https:\/\/katalog.festi.pl\/nl\/wp-json\/wp\/v2\/media\/427"}],"wp:attachment":[{"href":"https:\/\/katalog.festi.pl\/nl\/wp-json\/wp\/v2\/media?parent=348"}],"wp:term":[{"taxonomy":"product_cat","embeddable":true,"href":"https:\/\/katalog.festi.pl\/nl\/wp-json\/wp\/v2\/product_cat?post=348"},{"taxonomy":"product_tag","embeddable":true,"href":"https:\/\/katalog.festi.pl\/nl\/wp-json\/wp\/v2\/product_tag?post=348"}],"curies":[{"name":"wp","href":"https:\/\/api.w.org\/{rel}","templated":true}]}}