{"id":347,"date":"2024-01-15T17:16:20","date_gmt":"2024-01-15T17:16:20","guid":{"rendered":"https:\/\/katalog.festi.pl\/?post_type=product&#038;p=347"},"modified":"2024-01-19T12:26:48","modified_gmt":"2024-01-19T12:26:48","slug":"stol-debowy-natura","status":"publish","type":"product","link":"https:\/\/katalog.festi.pl\/nl\/product\/stol-debowy-natura\/","title":{"rendered":"ST\u00d3\u0141 D\u0118BOWY &#8222;NATURA&#8221;"},"content":{"rendered":"<p>De NATURA tafel is een visitekaartje van de Scandinavische stijl. Het rauwe design, de natuurlijke houtkleur en het blad gemaakt van massief eikenhout in combinatie met het metalen frame geschilderd met poedercoating in zwart, passen perfect in de woonkamer, eetkamer of kantoor. Dit model tafel bieden we aan met verlengstukken met een voortzetting van de schil, die de functionaliteit verhogen en tegelijkertijd de esthetische waarde behouden.<\/p>\n<p>In ons aanbod vindt u een breed scala aan tafels die op maat worden gemaakt. Alle producten worden met de hand gemaakt van materialen van de hoogste kwaliteit. Het product wordt gemonteerd bij u afgeleverd.<\/p>\n<p class=\" translation-block\">Productkenmerken:\n\nafmetingen: 200 x 100 cm, hoogte: 77 cm, dikte: 4 cm, scheuren en knopen gevuld met zwarte hars, natuurlijke kleur, verlengstukken met een voortzetting van de schil, modern design. We maken elk meubel met de hand volgens uw bestelling. We bieden de mogelijkheid om het hout en het profiel van het blad, de kleur en het frame aan te passen.<\/p>\n<p>Neem contact met ons op, samen zullen we de details van uw project bepalen.<\/p>","protected":false},"excerpt":{"rendered":"<p>St\u00f3\u0142 NATURA to wizyt\u00f3wka stylu skandynawskiego. Surowy design, naturalny kolor drewna oraz blat wykonany z litego d\u0119bu w po\u0142\u0105czeniu z metalowym stela\u017cem malowanym farb\u0105 proszkow\u0105 w kolorze czarnym, \u015bwietnie sprawdz\u0105 si\u0119 w salonie, jadalni czy biurze. Ten model sto\u0142u oferujemy z dok\u0142adkami z kontynuacj\u0105 os\u0142ojenia, kt\u00f3re zwi\u0119ksz\u0105 funkcjonalno\u015b\u0107, jednocze\u015bnie zachowuj\u0105c walory estetyczne. W naszej ofercie [&hellip;]<\/p>","protected":false},"featured_media":418,"comment_status":"open","ping_status":"closed","template":"","meta":[],"product_cat":[23],"product_tag":[],"_links":{"self":[{"href":"https:\/\/katalog.festi.pl\/nl\/wp-json\/wp\/v2\/product\/347"}],"collection":[{"href":"https:\/\/katalog.festi.pl\/nl\/wp-json\/wp\/v2\/product"}],"about":[{"href":"https:\/\/katalog.festi.pl\/nl\/wp-json\/wp\/v2\/types\/product"}],"replies":[{"embeddable":true,"href":"https:\/\/katalog.festi.pl\/nl\/wp-json\/wp\/v2\/comments?post=347"}],"wp:featuredmedia":[{"embeddable":true,"href":"https:\/\/katalog.festi.pl\/nl\/wp-json\/wp\/v2\/media\/418"}],"wp:attachment":[{"href":"https:\/\/katalog.festi.pl\/nl\/wp-json\/wp\/v2\/media?parent=347"}],"wp:term":[{"taxonomy":"product_cat","embeddable":true,"href":"https:\/\/katalog.festi.pl\/nl\/wp-json\/wp\/v2\/product_cat?post=347"},{"taxonomy":"product_tag","embeddable":true,"href":"https:\/\/katalog.festi.pl\/nl\/wp-json\/wp\/v2\/product_tag?post=347"}],"curies":[{"name":"wp","href":"https:\/\/api.w.org\/{rel}","templated":true}]}}