{"id":345,"date":"2024-01-15T17:16:20","date_gmt":"2024-01-15T17:16:20","guid":{"rendered":"https:\/\/katalog.festi.pl\/?post_type=product&#038;p=345"},"modified":"2024-01-19T12:26:09","modified_gmt":"2024-01-19T12:26:09","slug":"stol-debowy-pogrubiany-factory","status":"publish","type":"product","link":"https:\/\/katalog.festi.pl\/nl\/product\/stol-debowy-pogrubiany-factory\/","title":{"rendered":"ST\u00d3\u0141 D\u0118BOWY POGRUBIANY &#8222;FACTORY&#8221;"},"content":{"rendered":"<p>\"De eikenhouten FACTORY tafel valt op door zijn rauwe design en minimalistische vorm. Het eenvoudige dikke blad past perfect bij het lichte metalen frame geschilderd met matzwarte poedercoating.<\/p>\n<p>In ons aanbod vindt u een breed scala aan tafels die op maat worden gemaakt. Alle producten worden met de hand gemaakt van materialen van de hoogste kwaliteit. Het product wordt gemonteerd bij u afgeleverd.<\/p>\n<p class=\" translation-block\">Productkenmerken:\n\nafmetingen: 200 x 100 cm, hoogte: 77 cm, blad van 6 cm dik massief eikenhout, scheuren en knopen gevuld met zwarte hars, beschermd met lak in een natuurlijke tint, frame \u201crechte poten\u201d gepoedercoat, modern design. We maken elk meubel met de hand volgens uw bestelling. We bieden de mogelijkheid om het hout en het profiel van het blad, de kleur en het frame aan te passen.<\/p>\n<p>Neem contact met ons op, samen zullen we de details van uw project bepalen.<\/p>","protected":false},"excerpt":{"rendered":"<p>St\u00f3\u0142 d\u0119bowy FACTORY charakteryzuje si\u0119 surowym designem i minimalistyczn\u0105 form\u0105. Prosty pogrubiany blat idealnie komponuje si\u0119 z lekkim metalowym stela\u017cem malowanym matow\u0105 farb\u0105 proszkow\u0105 w kolorze czarnym. W naszej ofercie znajdziesz szerok\u0105 gam\u0119 sto\u0142\u00f3w produkowanych na indywidualne zam\u00f3wienie. Wszystkie produkty wykonywane s\u0105 r\u0119cznie z najwy\u017cszej jako\u015bci materia\u0142\u00f3w. Produkt trafi do Ciebie zmontowany. Cechy produktu: &#8211; [&hellip;]<\/p>","protected":false},"featured_media":409,"comment_status":"open","ping_status":"closed","template":"","meta":[],"product_cat":[23],"product_tag":[],"_links":{"self":[{"href":"https:\/\/katalog.festi.pl\/nl\/wp-json\/wp\/v2\/product\/345"}],"collection":[{"href":"https:\/\/katalog.festi.pl\/nl\/wp-json\/wp\/v2\/product"}],"about":[{"href":"https:\/\/katalog.festi.pl\/nl\/wp-json\/wp\/v2\/types\/product"}],"replies":[{"embeddable":true,"href":"https:\/\/katalog.festi.pl\/nl\/wp-json\/wp\/v2\/comments?post=345"}],"wp:featuredmedia":[{"embeddable":true,"href":"https:\/\/katalog.festi.pl\/nl\/wp-json\/wp\/v2\/media\/409"}],"wp:attachment":[{"href":"https:\/\/katalog.festi.pl\/nl\/wp-json\/wp\/v2\/media?parent=345"}],"wp:term":[{"taxonomy":"product_cat","embeddable":true,"href":"https:\/\/katalog.festi.pl\/nl\/wp-json\/wp\/v2\/product_cat?post=345"},{"taxonomy":"product_tag","embeddable":true,"href":"https:\/\/katalog.festi.pl\/nl\/wp-json\/wp\/v2\/product_tag?post=345"}],"curies":[{"name":"wp","href":"https:\/\/api.w.org\/{rel}","templated":true}]}}