{"id":341,"date":"2024-01-15T17:16:20","date_gmt":"2024-01-15T17:16:20","guid":{"rendered":"https:\/\/katalog.festi.pl\/?post_type=product&#038;p=341"},"modified":"2024-01-15T17:17:20","modified_gmt":"2024-01-15T17:17:20","slug":"komoda-twin","status":"publish","type":"product","link":"https:\/\/katalog.festi.pl\/nl\/product\/komoda-twin\/","title":{"rendered":"Ladenkast TWIN"},"content":{"rendered":"<p>De TWIN dressoir gemaakt van hoogwaardig eikenhout is een loft accent dat perfect past in elke ruimte en het een uniek karakter geeft. De eenvoudige vorm op een hoog stalen frame heeft vier volle deuren, wat het opbergen aanzienlijk vergemakkelijkt. <\/p>\n<p>De TWIN dressoir helpt je om je ruimte effectief te organiseren. De hoge kwaliteit van de afwerking garandeert jarenlang comfortabel gebruik van het meubilair.<\/p>\n<p class=\" translation-block\">Productkenmerken:\n\nsolide constructie van eikenhouten platen, stalen poten, diepe laden die het organiseren van de ruimte vergemakkelijken, modern design, garantie voor functionaliteit voor jaren, universeel model: geschikt voor kantoor- en huisruimtes, mogelijkheid om de afwerking van het hout aan te passen aan een individuele bestelling. Bent u ge\u00efnteresseerd in een andere kleur hout of een gepersonaliseerde indeling van de laden? Elk product maken we met de hand volgens uw bestelling.<\/p>\n<p>Neem contact met ons op, samen zullen we de details van uw project bepalen.<\/p>","protected":false},"excerpt":{"rendered":"<p>Komoda TWIN wykonana z wysokogatunkowego drzewa d\u0119bowego to loftowy akcent, kt\u00f3ry doskonale wkomponuje si\u0119 w ka\u017cd\u0105 przestrze\u0144, nadaj\u0105c jej niepowtarzalnego charakteru. Prosta bry\u0142a na wysokim stalowym stela\u017cu posiada czworo pe\u0142nych drzwi, co znacznie u\u0142atwia przechowywanie. Komoda TWIN pomo\u017ce Ci efektywnie zorganizowa\u0107 przestrze\u0144. Wysoka jako\u015b\u0107 wykonania to gwarancja wieloletniego komfortu u\u017cytkowania mebli. Cechy produktu: &#8211; solidne [&hellip;]<\/p>","protected":false},"featured_media":405,"comment_status":"open","ping_status":"closed","template":"","meta":[],"product_cat":[27],"product_tag":[],"_links":{"self":[{"href":"https:\/\/katalog.festi.pl\/nl\/wp-json\/wp\/v2\/product\/341"}],"collection":[{"href":"https:\/\/katalog.festi.pl\/nl\/wp-json\/wp\/v2\/product"}],"about":[{"href":"https:\/\/katalog.festi.pl\/nl\/wp-json\/wp\/v2\/types\/product"}],"replies":[{"embeddable":true,"href":"https:\/\/katalog.festi.pl\/nl\/wp-json\/wp\/v2\/comments?post=341"}],"wp:featuredmedia":[{"embeddable":true,"href":"https:\/\/katalog.festi.pl\/nl\/wp-json\/wp\/v2\/media\/405"}],"wp:attachment":[{"href":"https:\/\/katalog.festi.pl\/nl\/wp-json\/wp\/v2\/media?parent=341"}],"wp:term":[{"taxonomy":"product_cat","embeddable":true,"href":"https:\/\/katalog.festi.pl\/nl\/wp-json\/wp\/v2\/product_cat?post=341"},{"taxonomy":"product_tag","embeddable":true,"href":"https:\/\/katalog.festi.pl\/nl\/wp-json\/wp\/v2\/product_tag?post=341"}],"curies":[{"name":"wp","href":"https:\/\/api.w.org\/{rel}","templated":true}]}}