{"id":340,"date":"2024-01-15T17:16:20","date_gmt":"2024-01-15T17:16:20","guid":{"rendered":"https:\/\/katalog.festi.pl\/?post_type=product&#038;p=340"},"modified":"2024-01-15T17:17:19","modified_gmt":"2024-01-15T17:17:19","slug":"komoda-urban","status":"publish","type":"product","link":"https:\/\/katalog.festi.pl\/nl\/product\/komoda-urban\/","title":{"rendered":"Ladenkast URBAN"},"content":{"rendered":"<p>De URBAN ladekast, gemaakt van hoogwaardig essenhout, is een loftaccent dat perfect geschikt is voor zowel huiselijke als kantoorruimtes. De eenvoudige vorm heeft twee volle deuren en maar liefst drie diepe laden, wat het opbergen aanzienlijk vergemakkelijkt. <\/p>\n<p>De URBAN ladekast helpt u om de ruimte effectief te organiseren. De hoge kwaliteit van de afwerking garandeert jarenlang comfortabel gebruik van het meubel.<\/p>\n<p class=\" translation-block\">Productkenmerken:\n\nsolide constructie van essenplaten, stalen poten, diepe laden die het organiseren van de ruimte vergemakkelijken, modern design, garantie voor functionaliteit voor jaren, universeel model: geschikt voor kantoor- en huisruimtes, mogelijkheid om de afwerking van het hout aan te passen aan een individuele bestelling. Bent u ge\u00efnteresseerd in een andere kleur hout of een gepersonaliseerde indeling van de laden? Elk product maken we met de hand volgens uw bestelling.<\/p>\n<p>Neem contact met ons op, samen zullen we de details van uw project bepalen.<\/p>","protected":false},"excerpt":{"rendered":"<p>Komoda URBAN wykonana z wysokogatunkowego drzewa jesionowego to loftowy akcent, kt\u00f3ry idealnie nadaje si\u0119 zar\u00f3wno do przestrzeni domowych, jak i biurowych. Prosta bry\u0142a posiada dwoje pe\u0142nych drzwi oraz a\u017c trzy g\u0142\u0119bokie szuflady, co znacznie u\u0142atwia przechowywanie. Komoda URBAN pomo\u017ce Ci efektywnie zorganizowa\u0107 przestrze\u0144. Wysoka jako\u015b\u0107 wykonania to gwarancja wieloletniego komfortu u\u017cytkowania mebli. Cechy produktu: &#8211; [&hellip;]<\/p>","protected":false},"featured_media":404,"comment_status":"open","ping_status":"closed","template":"","meta":[],"product_cat":[27],"product_tag":[],"_links":{"self":[{"href":"https:\/\/katalog.festi.pl\/nl\/wp-json\/wp\/v2\/product\/340"}],"collection":[{"href":"https:\/\/katalog.festi.pl\/nl\/wp-json\/wp\/v2\/product"}],"about":[{"href":"https:\/\/katalog.festi.pl\/nl\/wp-json\/wp\/v2\/types\/product"}],"replies":[{"embeddable":true,"href":"https:\/\/katalog.festi.pl\/nl\/wp-json\/wp\/v2\/comments?post=340"}],"wp:featuredmedia":[{"embeddable":true,"href":"https:\/\/katalog.festi.pl\/nl\/wp-json\/wp\/v2\/media\/404"}],"wp:attachment":[{"href":"https:\/\/katalog.festi.pl\/nl\/wp-json\/wp\/v2\/media?parent=340"}],"wp:term":[{"taxonomy":"product_cat","embeddable":true,"href":"https:\/\/katalog.festi.pl\/nl\/wp-json\/wp\/v2\/product_cat?post=340"},{"taxonomy":"product_tag","embeddable":true,"href":"https:\/\/katalog.festi.pl\/nl\/wp-json\/wp\/v2\/product_tag?post=340"}],"curies":[{"name":"wp","href":"https:\/\/api.w.org\/{rel}","templated":true}]}}