{"id":338,"date":"2024-01-15T17:16:19","date_gmt":"2024-01-15T17:16:19","guid":{"rendered":"https:\/\/katalog.festi.pl\/?post_type=product&#038;p=338"},"modified":"2024-01-15T17:17:17","modified_gmt":"2024-01-15T17:17:17","slug":"biurko-nexus","status":"publish","type":"product","link":"https:\/\/katalog.festi.pl\/nl\/product\/biurko-nexus\/","title":{"rendered":"Bureau NEXUS"},"content":{"rendered":"<p>Het NEXUS loftbureau is ontworpen om esthetiek met functionaliteit te combineren. De uniekheid van de constructie trekt de aandacht, waardoor het interieur een bijzonder karakter krijgt. Tegelijkertijd is dit model uitgerust met praktische planken, die de ruimte bieden die nodig is om boeken, documenten of accessoires op te bergen. <\/p>\n<p>Het moderne bureau NEXUS is een meubel dat u in staat stelt om de ruimte effectief te benutten. Voeg een originele, moderne stijl toe aan uw interieur en zorg voor een comfortabele en creatieve plek om te werken en te ontspannen.<\/p>\n<p class=\" translation-block\">Productkenmerken:\n\nsolide blad van massief eikenhout, duurzaam frame van staal, planken die het organiseren van de ruimte vergemakkelijken, modern design, garantie voor functionaliteit voor jaren, universeel model: geschikt voor kantoor- en huisruimtes, mogelijkheid om de afwerking van het hout aan te passen aan een individuele bestelling. Elk product maken we met de hand volgens uw bestelling.<\/p>\n<p>Neem contact met ons op, samen zullen we de details van uw project bepalen.<\/p>","protected":false},"excerpt":{"rendered":"<p>Biurko loftowe NEXUS zosta\u0142o zaprojektowane tak, aby \u0142\u0105czy\u0107 estetyk\u0119 z funkcjonalno\u015bci\u0105. Unikalno\u015b\u0107 konstrukcji przyci\u0105ga uwag\u0119, dodaj\u0105c wn\u0119trzu nietuzinkowego charakteru. Jednocze\u015bnie ten model wyposa\u017cony jest w praktyczne p\u00f3\u0142ki, kt\u00f3re zapewniaj\u0105 miejsce niezb\u0119dne do przechowywania ksi\u0105\u017cek, dokument\u00f3w czy akcesori\u00f3w. Nowoczesne biurko NEXUS to mebel, kt\u00f3ry pozwoli Ci efektywne wykorzysta\u0107 przestrze\u0144. Dodaj swojemu wn\u0119trzu oryginalnego, nowoczesnego stylu i [&hellip;]<\/p>","protected":false},"featured_media":402,"comment_status":"open","ping_status":"closed","template":"","meta":[],"product_cat":[26],"product_tag":[],"_links":{"self":[{"href":"https:\/\/katalog.festi.pl\/nl\/wp-json\/wp\/v2\/product\/338"}],"collection":[{"href":"https:\/\/katalog.festi.pl\/nl\/wp-json\/wp\/v2\/product"}],"about":[{"href":"https:\/\/katalog.festi.pl\/nl\/wp-json\/wp\/v2\/types\/product"}],"replies":[{"embeddable":true,"href":"https:\/\/katalog.festi.pl\/nl\/wp-json\/wp\/v2\/comments?post=338"}],"wp:featuredmedia":[{"embeddable":true,"href":"https:\/\/katalog.festi.pl\/nl\/wp-json\/wp\/v2\/media\/402"}],"wp:attachment":[{"href":"https:\/\/katalog.festi.pl\/nl\/wp-json\/wp\/v2\/media?parent=338"}],"wp:term":[{"taxonomy":"product_cat","embeddable":true,"href":"https:\/\/katalog.festi.pl\/nl\/wp-json\/wp\/v2\/product_cat?post=338"},{"taxonomy":"product_tag","embeddable":true,"href":"https:\/\/katalog.festi.pl\/nl\/wp-json\/wp\/v2\/product_tag?post=338"}],"curies":[{"name":"wp","href":"https:\/\/api.w.org\/{rel}","templated":true}]}}