{"id":336,"date":"2024-01-15T17:16:19","date_gmt":"2024-01-15T17:16:19","guid":{"rendered":"https:\/\/katalog.festi.pl\/?post_type=product&#038;p=336"},"modified":"2024-01-15T17:17:14","modified_gmt":"2024-01-15T17:17:14","slug":"biurko-verve","status":"publish","type":"product","link":"https:\/\/katalog.festi.pl\/nl\/product\/biurko-verve\/","title":{"rendered":"Bureau VERVE"},"content":{"rendered":"<p>De VERVE bureau is een esthetische en praktische oplossing voor elke ruimte. Het unieke karakter wordt gegeven door de bijzondere combinatie van het blad met een functioneel rek en een kast in de vorm van een container, wat de organisatie vergemakkelijkt. Met dit bureau model zult u zeker nieuwe inrichtingsmogelijkheden ontdekken. <\/p>\n<p>Het moderne VERVE bureau is een meubel dat u in staat stelt om de ruimte effectief te benutten. Voeg een bijzondere, moderne stijl toe aan uw interieur en zorg voor een comfortabele en creatieve plek om te werken en te ontspannen.<\/p>\n<p class=\" translation-block\">Productkenmerken:\n\nsolide blad van massief eikenhout, duurzaam frame van staal, rek met planken die de organisatie van de ruimte vergemakkelijken, modern design, garantie voor functionaliteit voor jaren, universeel model: geschikt voor kantoor- en woonruimtes, mogelijkheid om de houtafwerking aan te passen aan een individuele bestelling. We maken elk product met de hand volgens uw bestelling.<\/p>\n<p>Neem contact met ons op, samen zullen we de details van uw project bepalen.<\/p>","protected":false},"excerpt":{"rendered":"<p>Biurko VERVE to estetyczne, a zarazem praktyczne rozwi\u0105zanie do ka\u017cdego wn\u0119trza. Unikalnego charakteru nadaje mu nietuzinkowe po\u0142\u0105czenie blatu z funkcjonalnym rega\u0142em oraz szafk\u0105 w kszta\u0142cie kontenera, co u\u0142atwia organizacj\u0119. Z tym modelem biurka z pewno\u015bci\u0105 odkryjesz nowe mo\u017cliwo\u015bci aran\u017cacyjne. Nowoczesne biurko VERVE to mebel, kt\u00f3ry pozwoli Ci efektywne wykorzysta\u0107 przestrze\u0144. Dodaj swojemu wn\u0119trzu oryginalnego, nowoczesnego [&hellip;]<\/p>","protected":false},"featured_media":400,"comment_status":"open","ping_status":"closed","template":"","meta":[],"product_cat":[26],"product_tag":[],"_links":{"self":[{"href":"https:\/\/katalog.festi.pl\/nl\/wp-json\/wp\/v2\/product\/336"}],"collection":[{"href":"https:\/\/katalog.festi.pl\/nl\/wp-json\/wp\/v2\/product"}],"about":[{"href":"https:\/\/katalog.festi.pl\/nl\/wp-json\/wp\/v2\/types\/product"}],"replies":[{"embeddable":true,"href":"https:\/\/katalog.festi.pl\/nl\/wp-json\/wp\/v2\/comments?post=336"}],"wp:featuredmedia":[{"embeddable":true,"href":"https:\/\/katalog.festi.pl\/nl\/wp-json\/wp\/v2\/media\/400"}],"wp:attachment":[{"href":"https:\/\/katalog.festi.pl\/nl\/wp-json\/wp\/v2\/media?parent=336"}],"wp:term":[{"taxonomy":"product_cat","embeddable":true,"href":"https:\/\/katalog.festi.pl\/nl\/wp-json\/wp\/v2\/product_cat?post=336"},{"taxonomy":"product_tag","embeddable":true,"href":"https:\/\/katalog.festi.pl\/nl\/wp-json\/wp\/v2\/product_tag?post=336"}],"curies":[{"name":"wp","href":"https:\/\/api.w.org\/{rel}","templated":true}]}}