{"id":335,"date":"2024-01-15T17:16:19","date_gmt":"2024-01-15T17:16:19","guid":{"rendered":"https:\/\/katalog.festi.pl\/?post_type=product&#038;p=335"},"modified":"2024-01-15T17:17:13","modified_gmt":"2024-01-15T17:17:13","slug":"biurko-luxe","status":"publish","type":"product","link":"https:\/\/katalog.festi.pl\/nl\/product\/biurko-luxe\/","title":{"rendered":"Bureau LUXE"},"content":{"rendered":"<p>Het LUXE bureau is een functioneel meubel in industri\u00eble stijl, dat tot in elk detail is uitgewerkt. Het blad van hoogwaardig massief hout is gecombineerd met een originele constructie van staal, wat het geheel een bijzonder karakter geeft. Het unieke design trekt de aandacht, terwijl het tegelijkertijd een sieraad is voor elke ruimte. <\/p>\n<p>Het industri\u00eble bureau LUXE is een meubel dat u in staat stelt om de ruimte effectief te benutten. Voeg een bijzondere, moderne stijl toe aan uw interieur en zorg voor een comfortabele en creatieve plek om te werken en te ontspannen. <\/p>\n<p class=\" translation-block\">Productkenmerken:\n\nsolide blad van massief eikenhout, duurzaam frame van staal, modern design, garantie voor functionaliteit voor jaren, universeel model: geschikt voor huiselijke en kantoorruimtes, mogelijkheid om de afwerking van het hout aan te passen aan een individuele bestelling. Elk product maken we met de hand volgens uw bestelling.<\/p>\n<p>Neem contact met ons op, samen zullen we de details van uw project bepalen.<\/p>","protected":false},"excerpt":{"rendered":"<p>Biurko LUXE to funkcjonalny mebel w industrialnym stylu, kt\u00f3ry zosta\u0142 dopracowany w ka\u017cdym szczeg\u00f3le. Blat z wysokogatunkowego drewna litego po\u0142\u0105czono z niesztampow\u0105 konstrukcj\u0105 ze stali, co dodaje ca\u0142o\u015bci wyj\u0105tkowego charakteru. Unikalny design przyci\u0105ga uwag\u0119, jednocze\u015bnie stanowi\u0105c ozdob\u0119 ka\u017cdej przestrzeni. Industrialne biurko LUXE to mebel, kt\u00f3ry pozwoli Ci efektywne wykorzysta\u0107 przestrze\u0144. Dodaj swojemu wn\u0119trzu oryginalnego, nowoczesnego [&hellip;]<\/p>","protected":false},"featured_media":399,"comment_status":"open","ping_status":"closed","template":"","meta":[],"product_cat":[26],"product_tag":[],"_links":{"self":[{"href":"https:\/\/katalog.festi.pl\/nl\/wp-json\/wp\/v2\/product\/335"}],"collection":[{"href":"https:\/\/katalog.festi.pl\/nl\/wp-json\/wp\/v2\/product"}],"about":[{"href":"https:\/\/katalog.festi.pl\/nl\/wp-json\/wp\/v2\/types\/product"}],"replies":[{"embeddable":true,"href":"https:\/\/katalog.festi.pl\/nl\/wp-json\/wp\/v2\/comments?post=335"}],"wp:featuredmedia":[{"embeddable":true,"href":"https:\/\/katalog.festi.pl\/nl\/wp-json\/wp\/v2\/media\/399"}],"wp:attachment":[{"href":"https:\/\/katalog.festi.pl\/nl\/wp-json\/wp\/v2\/media?parent=335"}],"wp:term":[{"taxonomy":"product_cat","embeddable":true,"href":"https:\/\/katalog.festi.pl\/nl\/wp-json\/wp\/v2\/product_cat?post=335"},{"taxonomy":"product_tag","embeddable":true,"href":"https:\/\/katalog.festi.pl\/nl\/wp-json\/wp\/v2\/product_tag?post=335"}],"curies":[{"name":"wp","href":"https:\/\/api.w.org\/{rel}","templated":true}]}}