{"id":334,"date":"2024-01-15T17:16:19","date_gmt":"2024-01-15T17:16:19","guid":{"rendered":"https:\/\/katalog.festi.pl\/?post_type=product&#038;p=334"},"modified":"2024-01-15T17:17:12","modified_gmt":"2024-01-15T17:17:12","slug":"stolik-kawowy-solrig","status":"publish","type":"product","link":"https:\/\/katalog.festi.pl\/nl\/product\/stolik-kawowy-solrig\/","title":{"rendered":"Salontafel SOLRIG"},"content":{"rendered":"<p>De SOLRIG salontafel is een echt meesterwerk van onze manufactuur. Deze unieke meubel is gemaakt van een eikenhouten monoliet, verbonden met een solide stalen frame. De bijzondere vorm van de tafel trekt de aandacht en maakt het een decoratieve toevoeging aan elk interieur, waardoor het individuele karakter van de ruimte wordt benadrukt.<\/p>\n<p>De schoonheid van het natuurlijke hout in het SOLRIG model is zichtbaar in elk detail. Naast de esthetische waarden is de tafel ook een onmisbare metgezel tijdens het ontspannen met een kopje van uw favoriete koffie of thee. <\/p>\n<p class=\" translation-block\">Productkenmerken:\n\nstijlvol design, solide stalen frame, unieke vorm en handgemaakte afwerking, universeel model: geschikt voor huiselijke, kantoor- en gebruiksruimtes, garantie voor functionaliteit voor jaren, mogelijkheid om de afwerking aan te passen aan een individuele bestelling. Elk product maken we met de hand volgens uw bestelling.<\/p>\n<p>Neem contact met ons op, samen zullen we de details van uw project bepalen.<\/p>","protected":false},"excerpt":{"rendered":"<p>Stolik kawowy SOLRIG to prawdziwe dzie\u0142o naszej manufaktury. Ten unikatowy mebel zosta\u0142 wykonany z monolitu d\u0119bowego, po\u0142\u0105czonego z solidnym stalowym stela\u017cem. Nietuzinkowa forma sto\u0142u przyci\u0105ga uwag\u0119 oraz sprawia, \u017ce stanowi on ozdobny dodatek do ka\u017cdego wn\u0119trza, podkre\u015blaj\u0105c indywidualny charakter przestrzeni. Pi\u0119kno naturalnego drewna w modelu SOLRIG jest widoczne w ka\u017cdym detalu. Opr\u00f3cz walor\u00f3w estetycznych stolik [&hellip;]<\/p>","protected":false},"featured_media":395,"comment_status":"open","ping_status":"closed","template":"","meta":[],"product_cat":[25],"product_tag":[],"_links":{"self":[{"href":"https:\/\/katalog.festi.pl\/nl\/wp-json\/wp\/v2\/product\/334"}],"collection":[{"href":"https:\/\/katalog.festi.pl\/nl\/wp-json\/wp\/v2\/product"}],"about":[{"href":"https:\/\/katalog.festi.pl\/nl\/wp-json\/wp\/v2\/types\/product"}],"replies":[{"embeddable":true,"href":"https:\/\/katalog.festi.pl\/nl\/wp-json\/wp\/v2\/comments?post=334"}],"wp:featuredmedia":[{"embeddable":true,"href":"https:\/\/katalog.festi.pl\/nl\/wp-json\/wp\/v2\/media\/395"}],"wp:attachment":[{"href":"https:\/\/katalog.festi.pl\/nl\/wp-json\/wp\/v2\/media?parent=334"}],"wp:term":[{"taxonomy":"product_cat","embeddable":true,"href":"https:\/\/katalog.festi.pl\/nl\/wp-json\/wp\/v2\/product_cat?post=334"},{"taxonomy":"product_tag","embeddable":true,"href":"https:\/\/katalog.festi.pl\/nl\/wp-json\/wp\/v2\/product_tag?post=334"}],"curies":[{"name":"wp","href":"https:\/\/api.w.org\/{rel}","templated":true}]}}