{"id":332,"date":"2024-01-15T17:16:19","date_gmt":"2024-01-15T17:16:19","guid":{"rendered":"https:\/\/katalog.festi.pl\/?post_type=product&#038;p=332"},"modified":"2024-01-15T17:17:07","modified_gmt":"2024-01-15T17:17:07","slug":"konsola-sval","status":"publish","type":"product","link":"https:\/\/katalog.festi.pl\/nl\/product\/konsola-sval\/","title":{"rendered":"Console SVAL"},"content":{"rendered":"<p>De SVAL console is een universeel meubel in een minimalistische stijl, dat is ontworpen met aandacht voor elk detail. De solide constructie, gemaakt van hoogwaardig staal en hout, zorgt voor stabiliteit, duurzaamheid en levensduur. De eenvoudige vorm zorgt ervoor dat het perfect past bij zowel klassieke als moderne ruimtes.<\/p>\n<p>De console SVAL, gemaakt van materialen van de hoogste kwaliteit, imponeert niet alleen met zijn originele uiterlijk, maar garandeert ook duurzaamheid voor vele jaren gebruik. De console combineert perfect de praktische en esthetische functie, en harmonieert bovendien met verschillende interieurinrichtingen, waardoor ze een uniek karakter krijgen.<\/p>\n<p class=\" translation-block\">Productkenmerken:\n\nloft design, solide stalen frame, universeel model: geschikt voor huiselijke, kantoor- en gebruiksruimtes, garantie voor functionaliteit voor jaren, mogelijkheid om de afwerking van het hout en het frame aan te passen aan een individuele bestelling. Elk product maken we met de hand volgens uw bestelling. Er zijn alternatieve kleuren voor de afwerking van het hout en een ruime keuze aan poten voor de console.<\/p>\n<p>Neem contact met ons op, samen zullen we de details van uw project bepalen.<\/p>","protected":false},"excerpt":{"rendered":"<p>Konsola SVAL to uniwersalny mebel w minimalistycznym stylu, kt\u00f3ry zosta\u0142 zaprojektowany z dba\u0142o\u015bci\u0105 o ka\u017cdy detal. Solidna konstrukcja wykonana z najwy\u017cszej jako\u015bci stali i drewna gwarantuje stabilno\u015b\u0107, trwa\u0142o\u015b\u0107 i \u017cywotno\u015b\u0107. Prosta forma sprawia, \u017ce idealnie komponuje si\u0119 on zar\u00f3wno z klasycznymi, jak i nowoczesnymi przestrzeniami. Wykonana z najwy\u017cszej jako\u015bci materia\u0142\u00f3w konsola SVAL nie tylko zachwyca [&hellip;]<\/p>","protected":false},"featured_media":392,"comment_status":"open","ping_status":"closed","template":"","meta":[],"product_cat":[24],"product_tag":[],"_links":{"self":[{"href":"https:\/\/katalog.festi.pl\/nl\/wp-json\/wp\/v2\/product\/332"}],"collection":[{"href":"https:\/\/katalog.festi.pl\/nl\/wp-json\/wp\/v2\/product"}],"about":[{"href":"https:\/\/katalog.festi.pl\/nl\/wp-json\/wp\/v2\/types\/product"}],"replies":[{"embeddable":true,"href":"https:\/\/katalog.festi.pl\/nl\/wp-json\/wp\/v2\/comments?post=332"}],"wp:featuredmedia":[{"embeddable":true,"href":"https:\/\/katalog.festi.pl\/nl\/wp-json\/wp\/v2\/media\/392"}],"wp:attachment":[{"href":"https:\/\/katalog.festi.pl\/nl\/wp-json\/wp\/v2\/media?parent=332"}],"wp:term":[{"taxonomy":"product_cat","embeddable":true,"href":"https:\/\/katalog.festi.pl\/nl\/wp-json\/wp\/v2\/product_cat?post=332"},{"taxonomy":"product_tag","embeddable":true,"href":"https:\/\/katalog.festi.pl\/nl\/wp-json\/wp\/v2\/product_tag?post=332"}],"curies":[{"name":"wp","href":"https:\/\/api.w.org\/{rel}","templated":true}]}}