{"id":330,"date":"2024-01-15T17:16:19","date_gmt":"2024-01-15T17:16:19","guid":{"rendered":"https:\/\/katalog.festi.pl\/?post_type=product&#038;p=330"},"modified":"2024-04-05T13:28:06","modified_gmt":"2024-04-05T13:28:06","slug":"krzeslo-skogg-o-puff-o","status":"publish","type":"product","link":"https:\/\/katalog.festi.pl\/nl\/product\/krzeslo-skogg-o-puff-o\/","title":{"rendered":"Stoel PUFF O"},"content":{"rendered":"<p>De PUFF O stoel is een originele oplossing in industri\u00eble stijl. De unieke rugleuning in combinatie met de comfortabele zitting zorgt ervoor dat de poef niet alleen interessant oogt, maar ook een comfortabele rust biedt. De solide constructie van houtcomposiet en de bekleding van geperforeerd leer garanderen de duurzaamheid en sterkte van het meubel. Dankzij de kleine afmetingen past de SKOGG O stoel perfect in zelfs kleinere ruimtes, waardoor ze stijl en elegantie krijgen.<\/p>\n<p>De fineerlaag van eikenhout en de stoffen van de hoogste kwaliteit maken de PUFF O stoel tot een comfortabel en stijlvol meubel, dat snel een favoriet werd bij onze klanten. De basis van vier houten poten geeft het een industrieel karakter en garandeert stabiliteit tijdens het zitten, terwijl de leren bekleding de uitstraling en het comfort be\u00efnvloedt.<\/p>\n<p class=\" translation-block\">Productkenmerken:\n\nloft design,\nfunctionele rugleuning,\nzitting gestoffeerd met materiaal van de hoogste kwaliteit,\nsterke houten poten,\nduurzame rugleuning,\nuniverseel model: geschikt voor huiselijke, kantoor- en gebruiksruimtes,\ngarantie voor comfort voor jaren,\nmogelijkheid om de afwerking van het hout en de bekleding aan te passen aan een individuele bestelling.<\/p>\n<p>Neem contact met ons op, samen zullen we de details van uw project bepalen.<\/p>","protected":false},"excerpt":{"rendered":"<p>Krzes\u0142o PUFF O to oryginalne rozwi\u0105zanie w industrialnym stylu. Nietuzinkowe oparcie w po\u0142\u0105czeniu z wygodnym siedziskiem sprawia, \u017ce puf nie tylko interesuj\u0105co si\u0119 prezentuje, ale te\u017c zapewnia komfortowy wypoczynek. Solidna konstrukcja z kompozytu drzewnego oraz tapicerka z perforowanej sk\u00f3ry gwarantuj\u0105 trwa\u0142o\u015b\u0107 i wytrzyma\u0142o\u015b\u0107 mebla. Dzi\u0119ki niewielkim wymiarom krzes\u0142o SKOGG O doskonale sprawdzi si\u0119 nawet w [&hellip;]<\/p>","protected":false},"featured_media":384,"comment_status":"open","ping_status":"closed","template":"","meta":[],"product_cat":[22],"product_tag":[],"_links":{"self":[{"href":"https:\/\/katalog.festi.pl\/nl\/wp-json\/wp\/v2\/product\/330"}],"collection":[{"href":"https:\/\/katalog.festi.pl\/nl\/wp-json\/wp\/v2\/product"}],"about":[{"href":"https:\/\/katalog.festi.pl\/nl\/wp-json\/wp\/v2\/types\/product"}],"replies":[{"embeddable":true,"href":"https:\/\/katalog.festi.pl\/nl\/wp-json\/wp\/v2\/comments?post=330"}],"wp:featuredmedia":[{"embeddable":true,"href":"https:\/\/katalog.festi.pl\/nl\/wp-json\/wp\/v2\/media\/384"}],"wp:attachment":[{"href":"https:\/\/katalog.festi.pl\/nl\/wp-json\/wp\/v2\/media?parent=330"}],"wp:term":[{"taxonomy":"product_cat","embeddable":true,"href":"https:\/\/katalog.festi.pl\/nl\/wp-json\/wp\/v2\/product_cat?post=330"},{"taxonomy":"product_tag","embeddable":true,"href":"https:\/\/katalog.festi.pl\/nl\/wp-json\/wp\/v2\/product_tag?post=330"}],"curies":[{"name":"wp","href":"https:\/\/api.w.org\/{rel}","templated":true}]}}