{"id":329,"date":"2024-01-15T17:16:19","date_gmt":"2024-01-15T17:16:19","guid":{"rendered":"https:\/\/katalog.festi.pl\/?post_type=product&#038;p=329"},"modified":"2024-04-05T13:21:11","modified_gmt":"2024-04-05T13:21:11","slug":"krzeslo-skogg-puff","status":"publish","type":"product","link":"https:\/\/katalog.festi.pl\/nl\/product\/krzeslo-skogg-puff\/","title":{"rendered":"Stoel PUFF"},"content":{"rendered":"<p>PUFF is een uniek meubel in loftstijl, dat zowel als krukje als voetenbankje kan dienen. Dit model kenmerkt zich door een eenvoudige constructie van hoogwaardig houtcomposiet. Het belangrijkste element is echter de comfortabele, zachte zitting van geperforeerd leer, dat bestand is tegen slijtage en vervuiling. De designer vorm van het meubel zorgt ervoor dat het perfect harmonieert met verschillende interieurinrichtingen, waardoor ze een uniek karakter krijgen.<\/p>\n<p>De fineerlaag van eikenhout en de stoffen van de hoogste kwaliteit maken de PUFF stoel tot een comfortabel en stijlvol meubel, dat snel een favoriet werd bij onze klanten. De basis van vier houten poten geeft het een industrieel karakter en garandeert stabiliteit tijdens het zitten, terwijl de leren bekleding de uitstraling en het comfort be\u00efnvloedt.<\/p>\n<p class=\" translation-block\">Productkenmerken:\n\nloft design,\nzitting gestoffeerd met materiaal van de hoogste kwaliteit,\nsterke houten poten,\nuniverseel model: geschikt voor huiselijke, kantoor- en gebruiksruimtes,\ngarantie voor comfort voor jaren,\nmogelijkheid om de afwerking van het hout en de bekleding aan te passen aan een individuele bestelling.\nElk product maken we met de hand volgens uw bestelling. Er zijn alternatieve kleuren voor de afwerking van het hout en een ruime keuze aan bekleding voor de zittingen en rugleuningen.<\/p>\n<p>Neem contact met ons op, samen zullen we de details van uw project bepalen.<\/p>","protected":false},"excerpt":{"rendered":"<p>PUFF to nietuzinkowy mebel w loftowym stylu, kt\u00f3ry mo\u017ce s\u0142u\u017cy\u0107 zar\u00f3wno jako sto\u0142ek, jak i podn\u00f3\u017cek. Model ten charakteryzuje si\u0119 prost\u0105 konstrukcj\u0105 wykonan\u0105 z wysokogatunkowego kompozytu drzewnego. Najwa\u017cniejszym elementem jest jednak wygodne, mi\u0119kkie siedzisko z perforowanej sk\u00f3ry odpornej na zu\u017cycie i zabrudzenia. Designerska forma mebla sprawia, \u017ce doskonale wsp\u00f3\u0142gra on z r\u00f3\u017cnorodnymi aran\u017cacjami wn\u0119trz, nadaj\u0105c [&hellip;]<\/p>","protected":false},"featured_media":381,"comment_status":"open","ping_status":"closed","template":"","meta":[],"product_cat":[22],"product_tag":[],"_links":{"self":[{"href":"https:\/\/katalog.festi.pl\/nl\/wp-json\/wp\/v2\/product\/329"}],"collection":[{"href":"https:\/\/katalog.festi.pl\/nl\/wp-json\/wp\/v2\/product"}],"about":[{"href":"https:\/\/katalog.festi.pl\/nl\/wp-json\/wp\/v2\/types\/product"}],"replies":[{"embeddable":true,"href":"https:\/\/katalog.festi.pl\/nl\/wp-json\/wp\/v2\/comments?post=329"}],"wp:featuredmedia":[{"embeddable":true,"href":"https:\/\/katalog.festi.pl\/nl\/wp-json\/wp\/v2\/media\/381"}],"wp:attachment":[{"href":"https:\/\/katalog.festi.pl\/nl\/wp-json\/wp\/v2\/media?parent=329"}],"wp:term":[{"taxonomy":"product_cat","embeddable":true,"href":"https:\/\/katalog.festi.pl\/nl\/wp-json\/wp\/v2\/product_cat?post=329"},{"taxonomy":"product_tag","embeddable":true,"href":"https:\/\/katalog.festi.pl\/nl\/wp-json\/wp\/v2\/product_tag?post=329"}],"curies":[{"name":"wp","href":"https:\/\/api.w.org\/{rel}","templated":true}]}}