{"id":328,"date":"2024-01-15T17:16:19","date_gmt":"2024-01-15T17:16:19","guid":{"rendered":"https:\/\/katalog.festi.pl\/?post_type=product&#038;p=328"},"modified":"2024-04-05T13:40:57","modified_gmt":"2024-04-05T13:40:57","slug":"krzeslo-vilja-leka","status":"publish","type":"product","link":"https:\/\/katalog.festi.pl\/nl\/product\/krzeslo-vilja-leka\/","title":{"rendered":"Stoel LEKA"},"content":{"rendered":"<p>De LEKA stoel is een combinatie van traditie en moderne stijl. De eenvoudige vorm past perfect in eetkamers en woonkamers. De rugleuning van de stoel is gemaakt van een houtcomposiet met een glanzend oppervlak, dat zich onderscheidt door elegantie en duurzaamheid. De zitting is bekleed met geperforeerd leer, dat bestand is tegen vlekken en vuil, wat de levensduur van het meubel garandeert, zodat de stoel jarenlang meegaat.<\/p>\n<p>De fineerlaag van eikenhout en de hoogwaardige materialen maken de LEKA stoel tot een comfortabel en modieus meubel. De eenvoudige basis van vier houten poten geeft het een industrieel tintje en zorgt voor stabiliteit tijdens het zitten, terwijl de leren bekleding de uitstraling en het comfort be\u00efnvloedt.<\/p>\n<p class=\" translation-block\">Productkenmerken:\n\nloft design, functionele rugleuning, zitting bekleed met materiaal van de hoogste kwaliteit (optioneel), sterke houten poten, universeel model: geschikt voor huiselijke, kantoor- en gebruiksruimtes, garantie voor comfort voor jaren, mogelijkheid om de afwerking van het hout en de bekleding aan te passen aan een individuele bestelling. Elk product maken we met de hand volgens uw bestelling. Er zijn alternatieve kleuren voor de afwerking van het hout en een ruime keuze aan bekleding voor de zittingen en rugleuningen.<\/p>\n<p>Neem contact met ons op, samen zullen we de details van uw project bepalen.<\/p>","protected":false},"excerpt":{"rendered":"<p>Fotel LEKA to kwintesencja stylu industrialnego. Prosta bry\u0142a w ca\u0142o\u015bci wykonana z kompozytu drzewnego nadaje krzes\u0142u prostego wygl\u0105du, dzi\u0119ki czemu idealnie komponuje si\u0119 ono z ka\u017cd\u0105 przestrzeni\u0105. Niskie, g\u0142\u0119bokie siedzisko oraz specjalnie wyprofilowane oparcie zapewniaj\u0105 wygod\u0119 w trakcie u\u017cytkowania. Fotel LEKA dost\u0119pny jest w kilku wariantach, aby ka\u017cdy m\u00f3g\u0142 dostosowa\u0107 go do indywidualnych preferencji. Okleina [&hellip;]<\/p>","protected":false},"featured_media":375,"comment_status":"open","ping_status":"closed","template":"","meta":[],"product_cat":[22],"product_tag":[],"_links":{"self":[{"href":"https:\/\/katalog.festi.pl\/nl\/wp-json\/wp\/v2\/product\/328"}],"collection":[{"href":"https:\/\/katalog.festi.pl\/nl\/wp-json\/wp\/v2\/product"}],"about":[{"href":"https:\/\/katalog.festi.pl\/nl\/wp-json\/wp\/v2\/types\/product"}],"replies":[{"embeddable":true,"href":"https:\/\/katalog.festi.pl\/nl\/wp-json\/wp\/v2\/comments?post=328"}],"wp:featuredmedia":[{"embeddable":true,"href":"https:\/\/katalog.festi.pl\/nl\/wp-json\/wp\/v2\/media\/375"}],"wp:attachment":[{"href":"https:\/\/katalog.festi.pl\/nl\/wp-json\/wp\/v2\/media?parent=328"}],"wp:term":[{"taxonomy":"product_cat","embeddable":true,"href":"https:\/\/katalog.festi.pl\/nl\/wp-json\/wp\/v2\/product_cat?post=328"},{"taxonomy":"product_tag","embeddable":true,"href":"https:\/\/katalog.festi.pl\/nl\/wp-json\/wp\/v2\/product_tag?post=328"}],"curies":[{"name":"wp","href":"https:\/\/api.w.org\/{rel}","templated":true}]}}