{"id":327,"date":"2024-01-15T17:16:19","date_gmt":"2024-01-15T17:16:19","guid":{"rendered":"https:\/\/katalog.festi.pl\/?post_type=product&#038;p=327"},"modified":"2024-04-05T13:06:58","modified_gmt":"2024-04-05T13:06:58","slug":"krzeslo-hygge-hole","status":"publish","type":"product","link":"https:\/\/katalog.festi.pl\/nl\/product\/krzeslo-hygge-hole\/","title":{"rendered":"Stoel HOLE"},"content":{"rendered":"<p>De HOLE stoel is een perfecte keuze voor zowel moderne als traditionele interieurs. De originele vorm van de rugleuning met armleuningen geeft het meubel een bijzonder karakter, en zorgt tegelijkertijd voor comfort tijdens het zitten. Houtcomposiet en geperforeerd leer zijn duurzame materialen, die de sterkte en esthetiek van de stoel be\u00efnvloeden.<\/p>\n<p>De fineerlaag van eikenhout en de stoffen van de hoogste kwaliteit maken de HOLE stoel tot een comfortabel en modieus meubel. De basis van vier houten poten geeft het een industrieel tintje en zorgt voor stabiliteit tijdens het zitten, terwijl de leren bekleding de uitstraling en het comfort be\u00efnvloedt.<\/p>\n<p class=\" translation-block\">Productkenmerken:\n\nloft design, rugleuning met armleuningen, zitting bekleed met materiaal van de hoogste kwaliteit, sterke houten poten, solide rugleuning, universeel model: geschikt voor huiselijke, kantoor- en gebruiksruimtes, garantie voor comfort voor jaren, mogelijkheid om de afwerking van het hout en de bekleding aan te passen aan een individuele bestelling. Elk product maken we met de hand volgens uw bestelling. Er zijn alternatieve kleuren voor de afwerking van het hout en een ruime keuze aan bekleding voor de zittingen en rugleuningen.<\/p>\n<p>Neem contact met ons op, samen zullen we de details van uw project bepalen.<\/p>","protected":false},"excerpt":{"rendered":"<p>Krzes\u0142o HOLE to idealny wyb\u00f3r zar\u00f3wno do nowoczesnych, jak i klasycznych wn\u0119trz. Nietuzinkowy kszta\u0142t oparcia z pod\u0142okietnikami nadaje meblowi niepowtarzalnego charakteru, a jednocze\u015bnie zapewnia wygod\u0119 w trakcie siedzenia. Kompozyt drzewny oraz perforowana sk\u00f3ra to solidne materia\u0142y, kt\u00f3re wp\u0142ywaj\u0105 na trwa\u0142o\u015b\u0107 i estetyk\u0119 krzes\u0142a. Okleina z forniru d\u0119bowego oraz najwy\u017cszej jako\u015bci tkaniny sprawiaj\u0105, \u017ce krzes\u0142o HOLE [&hellip;]<\/p>","protected":false},"featured_media":367,"comment_status":"open","ping_status":"closed","template":"","meta":[],"product_cat":[22],"product_tag":[],"_links":{"self":[{"href":"https:\/\/katalog.festi.pl\/nl\/wp-json\/wp\/v2\/product\/327"}],"collection":[{"href":"https:\/\/katalog.festi.pl\/nl\/wp-json\/wp\/v2\/product"}],"about":[{"href":"https:\/\/katalog.festi.pl\/nl\/wp-json\/wp\/v2\/types\/product"}],"replies":[{"embeddable":true,"href":"https:\/\/katalog.festi.pl\/nl\/wp-json\/wp\/v2\/comments?post=327"}],"wp:featuredmedia":[{"embeddable":true,"href":"https:\/\/katalog.festi.pl\/nl\/wp-json\/wp\/v2\/media\/367"}],"wp:attachment":[{"href":"https:\/\/katalog.festi.pl\/nl\/wp-json\/wp\/v2\/media?parent=327"}],"wp:term":[{"taxonomy":"product_cat","embeddable":true,"href":"https:\/\/katalog.festi.pl\/nl\/wp-json\/wp\/v2\/product_cat?post=327"},{"taxonomy":"product_tag","embeddable":true,"href":"https:\/\/katalog.festi.pl\/nl\/wp-json\/wp\/v2\/product_tag?post=327"}],"curies":[{"name":"wp","href":"https:\/\/api.w.org\/{rel}","templated":true}]}}