{"id":326,"date":"2024-01-15T17:16:19","date_gmt":"2024-01-15T17:16:19","guid":{"rendered":"https:\/\/katalog.festi.pl\/?post_type=product&#038;p=326"},"modified":"2024-04-05T13:16:21","modified_gmt":"2024-04-05T13:16:21","slug":"krzeslo-runa-sit","status":"publish","type":"product","link":"https:\/\/katalog.festi.pl\/nl\/product\/krzeslo-runa-sit\/","title":{"rendered":"Stoel SIT"},"content":{"rendered":"<p>De SIT fauteuil is een stijlvol model met een kuipzitting en armleuningen met een unieke vorm. Gemaakt van hoogwaardig houtcomposiet, bekleed met hoogwaardig geperforeerd leer, dat bestand is tegen slijtage en vervuiling. Dankzij de speciale lak past de stoel bij de andere meubels uit ons assortiment.<\/p>\n<p>De fineerlaag van eikenhout en de stoffen van de hoogste kwaliteit maken de SIT stoel tot een comfortabel en modieus meubel, dat zeer gewaardeerd wordt door onze klanten. De basis van vier houten poten geeft het een industrieel tintje en zorgt voor stabiliteit tijdens het zitten, terwijl de leren bekleding de uitstraling en het comfort be\u00efnvloedt.<\/p>\n<p class=\" translation-block\">Cechy produktu:<br>\r\n\u2013 loftowy design,<br>\r\n\u2013 funkcjonalne oparcie z pod\u0142okietnikami,<br>\r\n\u2013 siedzisko tapicerowane najwy\u017cszej jako\u015bci tkanin\u0105,<br>\r\n\u2013 solidne drewniane nogi,<br>\r\n\u2013 trwa\u0142e pokrycie oparcia,<br>\r\n\u2013 uniwersalny model: pasuje do wn\u0119trz domowych, biurowych i u\u017cytkowych,<br>\r\n\u2013 gwarancja wygody na lata,<br>\r\n\u2013 mo\u017cliwo\u015b\u0107 personalizacji wyko\u0144czenia drewna i tapicerki na indywidualne zam\u00f3wienie.<\/p>\n<p>Neem contact met ons op, samen zullen we de details van uw project bepalen.<\/p>","protected":false},"excerpt":{"rendered":"<p>Fotel SIT to elegancki model z kube\u0142kowym siedziskiem i pod\u0142okietnikami o oryginalnym kszta\u0142cie. Wykonany z wysokiej jako\u015bci kompozytu drzewnego, tapicerowany wysokogatunkow\u0105 sk\u00f3r\u0105 perforowan\u0105, odporn\u0105 na zu\u017cycie i zanieczyszczenia. Dzi\u0119ki specjalnemu lakierowaniu krzes\u0142o jest kompatybilne z pozosta\u0142ymi meblami z naszej oferty. Okleina z forniru d\u0119bowego oraz najwy\u017cszej jako\u015bci tkaniny sprawiaj\u0105, \u017ce krzes\u0142o SIT to wygodny i [&hellip;]<\/p>","protected":false},"featured_media":362,"comment_status":"open","ping_status":"closed","template":"","meta":[],"product_cat":[22],"product_tag":[],"_links":{"self":[{"href":"https:\/\/katalog.festi.pl\/nl\/wp-json\/wp\/v2\/product\/326"}],"collection":[{"href":"https:\/\/katalog.festi.pl\/nl\/wp-json\/wp\/v2\/product"}],"about":[{"href":"https:\/\/katalog.festi.pl\/nl\/wp-json\/wp\/v2\/types\/product"}],"replies":[{"embeddable":true,"href":"https:\/\/katalog.festi.pl\/nl\/wp-json\/wp\/v2\/comments?post=326"}],"wp:featuredmedia":[{"embeddable":true,"href":"https:\/\/katalog.festi.pl\/nl\/wp-json\/wp\/v2\/media\/362"}],"wp:attachment":[{"href":"https:\/\/katalog.festi.pl\/nl\/wp-json\/wp\/v2\/media?parent=326"}],"wp:term":[{"taxonomy":"product_cat","embeddable":true,"href":"https:\/\/katalog.festi.pl\/nl\/wp-json\/wp\/v2\/product_cat?post=326"},{"taxonomy":"product_tag","embeddable":true,"href":"https:\/\/katalog.festi.pl\/nl\/wp-json\/wp\/v2\/product_tag?post=326"}],"curies":[{"name":"wp","href":"https:\/\/api.w.org\/{rel}","templated":true}]}}