{"id":325,"date":"2024-01-15T17:16:19","date_gmt":"2024-01-15T17:16:19","guid":{"rendered":"https:\/\/katalog.festi.pl\/?post_type=product&#038;p=325"},"modified":"2024-04-05T11:15:08","modified_gmt":"2024-04-05T11:15:08","slug":"krzeslo-ravn-pegaz","status":"publish","type":"product","link":"https:\/\/katalog.festi.pl\/nl\/product\/krzeslo-ravn-pegaz\/","title":{"rendered":"Stoel PEGAZ"},"content":{"rendered":"<p>PEGAZ is een comfortabele stoel in een industri\u00eble stijl, die perfect is voor loft-interieurs. De zitting en rugleuning zijn afgewerkt met geperforeerd leer van hoge kwaliteit, wat bijdraagt aan de esthetische aantrekkingskracht van het meubel en de levensduur ervan be\u00efnvloedt. Hierdoor zal de stoel jarenlang een integraal onderdeel van je ruimte zijn.<\/p>\n<p>Eikenfineer en stoffen van topkwaliteit maken van de PEGAZ-stoel een comfortabel en stijlvol meubelstuk. Het eenvoudige onderstel van vier houten poten geeft de stoel een industri\u00eble uitstraling en garandeert stabiliteit tijdens het zitten, terwijl de leren bekleding bijdraagt aan de uitstraling en het comfort.<\/p>\n<p class=\" translation-block\">loft design, praktische uitvoering, zitting bekleed met materiaal van de beste kwaliteit, sterke houten poten, solide rugleuning, garantie voor comfort voor jaren, universeel model: geschikt voor huiselijke, kantoor- en gebruiksruimtes, mogelijkheid om de afwerking van het hout en de bekleding aan te passen aan een individuele bestelling. Elk product maken we met de hand volgens uw bestelling. Er zijn alternatieve kleuren voor de afwerking van het hout en een ruime keuze aan bekleding voor de zittingen en rugleuningen.<\/p>\n<p>Neem contact met ons op, samen zullen we de details van uw project bepalen.<\/p>","protected":false},"excerpt":{"rendered":"<p>PEGAZ to wygodne krzes\u0142o w industrialnym stylu, kt\u00f3re doskonale nadaje si\u0119 do wn\u0119trz loftowych. Siedzisko oraz oparcie wyko\u0144czono wysokogatunkow\u0105 perforowan\u0105 sk\u00f3r\u0105, kt\u00f3ra dodaje meblowi estetycznego wygl\u0105du oraz wp\u0142ywa na jego \u017cywotno\u015b\u0107. Dzi\u0119ki temu krzes\u0142o przez d\u0142ugie lata b\u0119dzie stanowi\u0107 integraln\u0105 cz\u0119\u015b\u0107 Twojej przestrzeni. Okleina z forniru d\u0119bowego oraz najwy\u017cszej jako\u015bci tkaniny sprawiaj\u0105, \u017ce krzes\u0142o PEGAZ [&hellip;]<\/p>","protected":false},"featured_media":358,"comment_status":"open","ping_status":"closed","template":"","meta":[],"product_cat":[22],"product_tag":[],"_links":{"self":[{"href":"https:\/\/katalog.festi.pl\/nl\/wp-json\/wp\/v2\/product\/325"}],"collection":[{"href":"https:\/\/katalog.festi.pl\/nl\/wp-json\/wp\/v2\/product"}],"about":[{"href":"https:\/\/katalog.festi.pl\/nl\/wp-json\/wp\/v2\/types\/product"}],"replies":[{"embeddable":true,"href":"https:\/\/katalog.festi.pl\/nl\/wp-json\/wp\/v2\/comments?post=325"}],"wp:featuredmedia":[{"embeddable":true,"href":"https:\/\/katalog.festi.pl\/nl\/wp-json\/wp\/v2\/media\/358"}],"wp:attachment":[{"href":"https:\/\/katalog.festi.pl\/nl\/wp-json\/wp\/v2\/media?parent=325"}],"wp:term":[{"taxonomy":"product_cat","embeddable":true,"href":"https:\/\/katalog.festi.pl\/nl\/wp-json\/wp\/v2\/product_cat?post=325"},{"taxonomy":"product_tag","embeddable":true,"href":"https:\/\/katalog.festi.pl\/nl\/wp-json\/wp\/v2\/product_tag?post=325"}],"curies":[{"name":"wp","href":"https:\/\/api.w.org\/{rel}","templated":true}]}}