{"id":324,"date":"2024-01-15T17:16:19","date_gmt":"2024-01-15T17:16:19","guid":{"rendered":"https:\/\/katalog.festi.pl\/?post_type=product&#038;p=324"},"modified":"2024-04-05T13:34:55","modified_gmt":"2024-04-05T13:34:55","slug":"krzeslo-ulla-louis","status":"publish","type":"product","link":"https:\/\/katalog.festi.pl\/nl\/product\/krzeslo-ulla-louis\/","title":{"rendered":"Stoel LOUIS"},"content":{"rendered":"<p>De LOUIS stoel is een combinatie van traditie en moderne stijl. De eenvoudige vorm past perfect in eetkamers en woonkamers. De rugleuning van de stoel is gemaakt van een houtcomposiet met een glanzend oppervlak, dat zich onderscheidt door elegantie en duurzaamheid. De zitting is bekleed met geperforeerd leer, dat bestand is tegen vlekken en vuil, wat de levensduur van het meubel garandeert, zodat de stoel jarenlang meegaat.<\/p>\n<p>De fineerlaag van eikenhout en de hoogwaardige materialen maken de LOUIS stoel tot een comfortabel en modieus meubel. De eenvoudige basis van vier houten poten geeft het een industrieel tintje en zorgt voor stabiliteit tijdens het zitten, terwijl de leren bekleding de uitstraling en het comfort be\u00efnvloedt. Productkenmerken:<\/p>\n<p class=\" translation-block\">loft design, praktische uitvoering, zitting bekleed met materiaal van de beste kwaliteit, sterke houten poten, solide rugleuning, garantie voor comfort voor jaren, universeel model: geschikt voor huiselijke, kantoor- en gebruiksruimtes, mogelijkheid om de afwerking van het hout en de bekleding aan te passen aan een individuele bestelling. Elk product maken we met de hand volgens uw bestelling. Er zijn alternatieve kleuren voor de afwerking van het hout en een ruime keuze aan bekleding voor de zittingen en rugleuningen.<\/p>\n<p>Neem contact met ons op, samen zullen we de details van uw project bepalen.<\/p>","protected":false},"excerpt":{"rendered":"<p>Krzes\u0142o LOUIS to po\u0142\u0105czenie klasyki z industrialnym wyko\u0144czeniem. Prosta bry\u0142a doskonale komponuje si\u0119 z wn\u0119trzami jadalnianymi i salonowymi. Oparcie krzes\u0142a wykonano z kompozytu drzewnego o wysokim po\u0142ysku, kt\u00f3ry charakteryzuje si\u0119 elegancj\u0105 i wytrzyma\u0142o\u015bci\u0105. Siedzisko tapicerowane perforowan\u0105 sk\u00f3r\u0105 odporn\u0105 na plamy i zabrudzenia wp\u0142ywa na \u017cywotno\u015b\u0107 mebla, dzi\u0119ki czemu krzes\u0142o pozostanie z Tob\u0105 na lata. Okleina [&hellip;]<\/p>","protected":false},"featured_media":354,"comment_status":"open","ping_status":"closed","template":"","meta":[],"product_cat":[22],"product_tag":[],"_links":{"self":[{"href":"https:\/\/katalog.festi.pl\/nl\/wp-json\/wp\/v2\/product\/324"}],"collection":[{"href":"https:\/\/katalog.festi.pl\/nl\/wp-json\/wp\/v2\/product"}],"about":[{"href":"https:\/\/katalog.festi.pl\/nl\/wp-json\/wp\/v2\/types\/product"}],"replies":[{"embeddable":true,"href":"https:\/\/katalog.festi.pl\/nl\/wp-json\/wp\/v2\/comments?post=324"}],"wp:featuredmedia":[{"embeddable":true,"href":"https:\/\/katalog.festi.pl\/nl\/wp-json\/wp\/v2\/media\/354"}],"wp:attachment":[{"href":"https:\/\/katalog.festi.pl\/nl\/wp-json\/wp\/v2\/media?parent=324"}],"wp:term":[{"taxonomy":"product_cat","embeddable":true,"href":"https:\/\/katalog.festi.pl\/nl\/wp-json\/wp\/v2\/product_cat?post=324"},{"taxonomy":"product_tag","embeddable":true,"href":"https:\/\/katalog.festi.pl\/nl\/wp-json\/wp\/v2\/product_tag?post=324"}],"curies":[{"name":"wp","href":"https:\/\/api.w.org\/{rel}","templated":true}]}}