{"id":34,"date":"2024-01-13T16:20:30","date_gmt":"2024-01-13T16:20:30","guid":{"rendered":"https:\/\/katalog.festi.pl\/?page_id=34"},"modified":"2024-01-29T12:05:13","modified_gmt":"2024-01-29T12:05:13","slug":"kontakt","status":"publish","type":"page","link":"https:\/\/katalog.festi.pl\/nl\/kontakt\/","title":{"rendered":"Contact"},"content":{"rendered":"<div data-elementor-type=\"wp-page\" data-elementor-id=\"34\" class=\"elementor elementor-34\" data-elementor-post-type=\"page\">\n\t\t\t\t<div class=\"elementor-element elementor-element-4436df0 e-flex e-con-boxed e-con e-parent\" data-id=\"4436df0\" data-element_type=\"container\" id=\"onas\">\n\t\t\t\t\t<div class=\"e-con-inner\">\n\t\t<div class=\"elementor-element elementor-element-1ec92f1 e-con-full e-flex e-con e-child\" data-id=\"1ec92f1\" data-element_type=\"container\">\n\t\t\t\t<div class=\"elementor-element elementor-element-8a7e4b5 elementor-widget elementor-widget-heading\" data-id=\"8a7e4b5\" data-element_type=\"widget\" data-widget_type=\"heading.default\">\n\t\t\t\t<div class=\"elementor-widget-container\">\n\t\t\t<h2 class=\"elementor-heading-title elementor-size-default\">Wie zijn wij?<\/h2>\t\t<\/div>\n\t\t\t\t<\/div>\n\t\t\t\t<div class=\"elementor-element elementor-element-5bc4498 elementor-widget elementor-widget-heading\" data-id=\"5bc4498\" data-element_type=\"widget\" data-widget_type=\"heading.default\">\n\t\t\t\t<div class=\"elementor-widget-container\">\n\t\t\t<h2 class=\"elementor-heading-title elementor-size-default\">Wij zijn een bedrijf met meer dan 20 jaar ervaring op de Nederlandse markt, gespecialiseerd in bouw-, renovatie- en afwerkingsdiensten. Onze passie is het cre\u00ebren van mooie en functionele ruimtes die voldoen aan de verwachtingen van onze klanten. Wij verzorgen de complete inrichting en meubilering van hotelkamers, residenti\u00eble gebouwen en kleine appartementen, met aandacht voor elk detail en de hoogste kwaliteit. Ons team bestaat uit gekwalificeerde en ervaren vakmensen, die met toewijding en professionaliteit werken. Wij garanderen een tijdige uitvoering van de opdrachten, concurrerende prijzen en tevredenheidsgarantie. Welkom!<\/h2>\t\t<\/div>\n\t\t\t\t<\/div>\n\t\t\t\t<\/div>\n\t\t<div class=\"elementor-element elementor-element-d44df05 e-con-full e-flex e-con e-child\" data-id=\"d44df05\" data-element_type=\"container\">\n\t\t\t\t<div class=\"elementor-element elementor-element-8f9c6ff elementor-widget elementor-widget-image\" data-id=\"8f9c6ff\" data-element_type=\"widget\" data-widget_type=\"image.default\">\n\t\t\t\t<div class=\"elementor-widget-container\">\n\t\t\t\t\t\t\t\t\t\t\t\t\t<img fetchpriority=\"high\" decoding=\"async\" width=\"353\" height=\"355\" src=\"https:\/\/katalog.festi.pl\/wp-content\/uploads\/2024\/01\/Rectangle-25.png\" class=\"attachment-large size-large wp-image-120\" alt=\"\" srcset=\"https:\/\/katalog.festi.pl\/wp-content\/uploads\/2024\/01\/Rectangle-25.png 353w, https:\/\/katalog.festi.pl\/wp-content\/uploads\/2024\/01\/Rectangle-25-298x300.png 298w, https:\/\/katalog.festi.pl\/wp-content\/uploads\/2024\/01\/Rectangle-25-150x150.png 150w, https:\/\/katalog.festi.pl\/wp-content\/uploads\/2024\/01\/Rectangle-25-100x100.png 100w\" sizes=\"(max-width: 353px) 100vw, 353px\" \/>\t\t\t\t\t\t\t\t\t\t\t\t\t<\/div>\n\t\t\t\t<\/div>\n\t\t\t\t<\/div>\n\t\t\t\t\t<\/div>\n\t\t\t\t<\/div>\n\t\t<div class=\"elementor-element elementor-element-b8cc165 e-flex e-con-boxed e-con e-parent\" data-id=\"b8cc165\" data-element_type=\"container\" id=\"kontakt\">\n\t\t\t\t\t<div class=\"e-con-inner\">\n\t\t\t\t<div class=\"elementor-element elementor-element-5b057d2 elementor-widget elementor-widget-heading\" data-id=\"5b057d2\" data-element_type=\"widget\" data-widget_type=\"heading.default\">\n\t\t\t\t<div class=\"elementor-widget-container\">\n\t\t\t<h2 class=\"elementor-heading-title elementor-size-default\">Skontaktuj si\u0119 z nami!<\/h2>\t\t<\/div>\n\t\t\t\t<\/div>\n\t\t\t\t<div class=\"elementor-element elementor-element-31dea71 elementor-button-align-stretch elementor-widget elementor-widget-form\" data-id=\"31dea71\" data-element_type=\"widget\" data-settings=\"{&quot;button_width&quot;:&quot;20&quot;,&quot;step_next_label&quot;:&quot;Next&quot;,&quot;step_previous_label&quot;:&quot;Previous&quot;,&quot;step_type&quot;:&quot;number_text&quot;,&quot;step_icon_shape&quot;:&quot;circle&quot;}\" data-widget_type=\"form.default\">\n\t\t\t\t<div class=\"elementor-widget-container\">\n\t\t\t\t\t<form class=\"elementor-form\" method=\"post\" name=\"New Form\" novalidate=\"\">\n\t\t\t<input type=\"hidden\" name=\"post_id\" value=\"34\"\/>\n\t\t\t<input type=\"hidden\" name=\"form_id\" value=\"31dea71\"\/>\n\t\t\t<input type=\"hidden\" name=\"referer_title\" value=\"\" \/>\n\n\t\t\t\n\t\t\t<div class=\"elementor-form-fields-wrapper elementor-labels-\">\n\t\t\t\t\t\t\t\t<div class=\"elementor-field-type-text elementor-field-group elementor-column elementor-field-group-name elementor-col-50 elementor-field-required\">\n\t\t\t\t\t\t\t\t\t\t\t\t<label for=\"form-field-name\" class=\"elementor-field-label elementor-screen-only\">\n\t\t\t\t\t\t\t\tNaam\t\t\t\t\t\t\t<\/label>\n\t\t\t\t\t\t\t\t\t\t\t\t\t\t<input size=\"1\" type=\"text\" name=\"form_fields[name]\" id=\"form-field-name\" class=\"elementor-field elementor-size-sm  elementor-field-textual\" placeholder=\"Naam\" required=\"required\" aria-required=\"true\">\n\t\t\t\t\t\t\t\t\t\t\t<\/div>\n\t\t\t\t\t\t\t\t<div class=\"elementor-field-type-text elementor-field-group elementor-column elementor-field-group-field_03c315c elementor-col-50\">\n\t\t\t\t\t\t\t\t\t\t\t\t<label for=\"form-field-field_03c315c\" class=\"elementor-field-label elementor-screen-only\">\n\t\t\t\t\t\t\t\tNaam2\t\t\t\t\t\t\t<\/label>\n\t\t\t\t\t\t\t\t\t\t\t\t\t\t<input size=\"1\" type=\"text\" name=\"form_fields[field_03c315c]\" id=\"form-field-field_03c315c\" class=\"elementor-field elementor-size-sm  elementor-field-textual\" placeholder=\"Naam2\">\n\t\t\t\t\t\t\t\t\t\t\t<\/div>\n\t\t\t\t\t\t\t\t<div class=\"elementor-field-type-email elementor-field-group elementor-column elementor-field-group-email elementor-col-50 elementor-field-required\">\n\t\t\t\t\t\t\t\t\t\t\t\t<label for=\"form-field-email\" class=\"elementor-field-label elementor-screen-only\">\n\t\t\t\t\t\t\t\tE-mail\t\t\t\t\t\t\t<\/label>\n\t\t\t\t\t\t\t\t\t\t\t\t\t\t<input size=\"1\" type=\"email\" name=\"form_fields[email]\" id=\"form-field-email\" class=\"elementor-field elementor-size-sm  elementor-field-textual\" placeholder=\"E-mail\" required=\"required\" aria-required=\"true\">\n\t\t\t\t\t\t\t\t\t\t\t<\/div>\n\t\t\t\t\t\t\t\t<div class=\"elementor-field-type-tel elementor-field-group elementor-column elementor-field-group-field_e4d56af elementor-col-50 elementor-field-required\">\n\t\t\t\t\t\t\t\t\t\t\t\t<label for=\"form-field-field_e4d56af\" class=\"elementor-field-label elementor-screen-only\">\n\t\t\t\t\t\t\t\tTelefoon\t\t\t\t\t\t\t<\/label>\n\t\t\t\t\t\t\t\t<input size=\"1\" type=\"tel\" name=\"form_fields[field_e4d56af]\" id=\"form-field-field_e4d56af\" class=\"elementor-field elementor-size-sm  elementor-field-textual\" placeholder=\"Telefoon\" required=\"required\" aria-required=\"true\" pattern=\"[0-9()#&amp;+*-=.]+\" title=\"Only numbers and phone characters (#, -, *, etc) are accepted.\">\n\n\t\t\t\t\t\t<\/div>\n\t\t\t\t\t\t\t\t<div class=\"elementor-field-type-text elementor-field-group elementor-column elementor-field-group-field_fda1d50 elementor-col-100\">\n\t\t\t\t\t\t\t\t\t\t\t\t<label for=\"form-field-field_fda1d50\" class=\"elementor-field-label elementor-screen-only\">\n\t\t\t\t\t\t\t\tBericht ik accepteer\t\t\t\t\t\t\t<\/label>\n\t\t\t\t\t\t\t\t\t\t\t\t\t\t<input size=\"1\" type=\"text\" name=\"form_fields[field_fda1d50]\" id=\"form-field-field_fda1d50\" class=\"elementor-field elementor-size-sm  elementor-field-textual\" placeholder=\"Bericht ik accepteer\">\n\t\t\t\t\t\t\t\t\t\t\t<\/div>\n\t\t\t\t\t\t\t\t<div class=\"elementor-field-type-acceptance elementor-field-group elementor-column elementor-field-group-field_9d435a2 elementor-col-80 elementor-field-required\">\n\t\t\t\t\t\t\t<div class=\"elementor-field-subgroup\">\n\t\t\t<span class=\"elementor-field-option\">\n\t\t\t\t<input type=\"checkbox\" name=\"form_fields[field_9d435a2]\" id=\"form-field-field_9d435a2\" class=\"elementor-field elementor-size-sm  elementor-acceptance-field\" required=\"required\" aria-required=\"true\">\n\t\t\t\t<label for=\"form-field-field_9d435a2\">Het <a href=\"https:\/\/katalog.festi.pl\/nl\/privacy-policy\/\" style=\"color:black;\">privacybeleid<\/a><\/label>\t\t\t<\/span>\n\t\t<\/div>\n\t\t\t\t\t\t<\/div>\n\t\t\t\t\t\t\t\t<div class=\"elementor-field-group elementor-column elementor-field-type-submit elementor-col-20 e-form__buttons\">\n\t\t\t\t\t<button class=\"elementor-button elementor-size-sm\" type=\"submit\">\n\t\t\t\t\t\t<span class=\"elementor-button-content-wrapper\">\n\t\t\t\t\t\t\t\t\t\t\t\t\t\t\t\t\t\t\t\t\t\t<span class=\"elementor-button-text\">versturen<\/span>\n\t\t\t\t\t\t\t\t\t\t\t\t\t<\/span>\n\t\t\t\t\t<\/button>\n\t\t\t\t<\/div>\n\t\t\t<\/div>\n\t\t<input type=\"hidden\" name=\"trp-form-language\" value=\"nl\"\/><\/form>\n\t\t\t\t<\/div>\n\t\t\t\t<\/div>\n\t\t\t\t\t<\/div>\n\t\t\t\t<\/div>\n\t\t<div class=\"elementor-element elementor-element-6e993e5 e-flex e-con-boxed e-con e-parent\" data-id=\"6e993e5\" data-element_type=\"container\">\n\t\t\t\t\t<div class=\"e-con-inner\">\n\t\t\t\t<div class=\"elementor-element elementor-element-4b9f845 elementor-widget elementor-widget-heading\" data-id=\"4b9f845\" data-element_type=\"widget\" data-widget_type=\"heading.default\">\n\t\t\t\t<div class=\"elementor-widget-container\">\n\t\t\t<h2 class=\"elementor-heading-title elementor-size-default\">Znajdziesz nas tutaj:<\/h2>\t\t<\/div>\n\t\t\t\t<\/div>\n\t\t\t\t<div class=\"elementor-element elementor-element-3d70a23 elementor-widget elementor-widget-text-editor\" data-id=\"3d70a23\" data-element_type=\"widget\" data-widget_type=\"text-editor.default\">\n\t\t\t\t<div class=\"elementor-widget-container\">\n\t\t\t\t\t\t\t<p><strong>Kantooradres<br \/><\/strong>ul. Wroc\u0142awska 43\/2, 62-800 Kalisz, Polska<\/p>\t\t\t\t\t\t<\/div>\n\t\t\t\t<\/div>\n\t\t\t\t<div class=\"elementor-element elementor-element-eaf0610 elementor-widget elementor-widget-text-editor\" data-id=\"eaf0610\" data-element_type=\"widget\" data-widget_type=\"text-editor.default\">\n\t\t\t\t<div class=\"elementor-widget-container\">\n\t\t\t\t\t\t\t<p><strong>Factuuradres<br \/><\/strong>Kaw\u0119czyn 168, 62-704 Kaw\u0119czyn, Polska<\/p>\t\t\t\t\t\t<\/div>\n\t\t\t\t<\/div>\n\t\t\t\t<div class=\"elementor-element elementor-element-7ae8e3f elementor-widget elementor-widget-google_maps\" data-id=\"7ae8e3f\" data-element_type=\"widget\" data-widget_type=\"google_maps.default\">\n\t\t\t\t<div class=\"elementor-widget-container\">\n\t\t\t\t\t<div class=\"elementor-custom-embed\">\n\t\t\t<iframe loading=\"lazy\"\n\t\t\t\t\tsrc=\"https:\/\/maps.google.com\/maps?q=ul.%20Wroc%C5%82awska%2043%2F2%2C%2062-800%20Kalisz%2C%20Polska%20&#038;t=m&#038;z=10&#038;output=embed&#038;iwloc=near\"\n\t\t\t\t\ttitle=\"ul. Wroc\u0142awska 43\/2, 62-800 Kalisz, Polska \"\n\t\t\t\t\taria-label=\"ul. Wroc\u0142awska 43\/2, 62-800 Kalisz, Polska \"\n\t\t\t><\/iframe>\n\t\t<\/div>\n\t\t\t\t<\/div>\n\t\t\t\t<\/div>\n\t\t\t\t\t<\/div>\n\t\t\t\t<\/div>\n\t\t\t\t<\/div>","protected":false},"excerpt":{"rendered":"<p>Kim jeste\u015bmy? Jeste\u015bmy firm\u0105 z ponad 20-letnim do\u015bwiadczeniem na rynku holenderskim, specjalizuj\u0105c\u0105 si\u0119 w us\u0142ugach budowlanych, remontowych i wyko\u0144czeniowych. Nasz\u0105 pasj\u0105 jest tworzenie pi\u0119knych i funkcjonalnych przestrzeni, kt\u00f3re spe\u0142niaj\u0105 oczekiwania naszych klient\u00f3w. Zajmujemy si\u0119 kompleksowym wyposa\u017ceniem i umeblowaniem pokoi hotelowych budynk\u00f3w mieszkalnych jak i ma\u0142ych mieszka\u0144, dbaj\u0105c o ka\u017cdy szczeg\u00f3\u0142 i najwy\u017csz\u0105 jako\u015b\u0107 wykonania. Nasz [&hellip;]<\/p>","protected":false},"author":2,"featured_media":0,"parent":0,"menu_order":0,"comment_status":"closed","ping_status":"closed","template":"","meta":{"footnotes":""},"_links":{"self":[{"href":"https:\/\/katalog.festi.pl\/nl\/wp-json\/wp\/v2\/pages\/34"}],"collection":[{"href":"https:\/\/katalog.festi.pl\/nl\/wp-json\/wp\/v2\/pages"}],"about":[{"href":"https:\/\/katalog.festi.pl\/nl\/wp-json\/wp\/v2\/types\/page"}],"author":[{"embeddable":true,"href":"https:\/\/katalog.festi.pl\/nl\/wp-json\/wp\/v2\/users\/2"}],"replies":[{"embeddable":true,"href":"https:\/\/katalog.festi.pl\/nl\/wp-json\/wp\/v2\/comments?post=34"}],"version-history":[{"count":37,"href":"https:\/\/katalog.festi.pl\/nl\/wp-json\/wp\/v2\/pages\/34\/revisions"}],"predecessor-version":[{"id":577,"href":"https:\/\/katalog.festi.pl\/nl\/wp-json\/wp\/v2\/pages\/34\/revisions\/577"}],"wp:attachment":[{"href":"https:\/\/katalog.festi.pl\/nl\/wp-json\/wp\/v2\/media?parent=34"}],"curies":[{"name":"wp","href":"https:\/\/api.w.org\/{rel}","templated":true}]}}