{"id":374,"date":"2024-01-15T17:16:44","date_gmt":"2024-01-15T17:16:44","guid":{"rendered":"https:\/\/katalog.festi.pl\/?post_type=product&#038;p=374"},"modified":"2024-01-19T12:25:08","modified_gmt":"2024-01-19T12:25:08","slug":"stolik-slice","status":"publish","type":"product","link":"https:\/\/katalog.festi.pl\/en\/product\/stolik-slice\/","title":{"rendered":"Coffee table SLICE"},"content":{"rendered":"<p>The original SLICE coffee table is a true art in a small format. It stands out with its unique design, in which an oak piece coated with protective lacquer serves as a top. In combination with a metal base, it is a perfect decoration for interiors in different styles, giving them an extraordinary mood.<\/p>\n<p>The beauty of natural wood in the SLICE model is visible in every detail. In addition to aesthetic values, the table is also an essential companion during relaxation with a cup of your favorite coffee or tea.<\/p>\n<p class=\" translation-block\">Product features:\n\nround top made of oak wood, natural color of wood, industrial design, solid workmanship, possibility of customizing the wood finish on individual order. We make each product by hand according to your order.<\/p>\n<p>Contact us, together we will determine the details of your project.<\/p>","protected":false},"excerpt":{"rendered":"<p>Oryginalny stolik kawowy SLICE to prawdziwe dzie\u0142o sztuki w niewielkich rozmiarach. Charakteryzuje go nietuzinkowe wykonanie, w kt\u00f3rym za blat s\u0142u\u017cy d\u0119bowy plaster pokryty lakierem ochronnym. W po\u0142\u0105czeniu z metalowym stela\u017cem stanowi on doskona\u0142\u0105 ozdob\u0119 wn\u0119trz w r\u00f3\u017cnym stylu, nadaj\u0105c im niepowtarzalnego klimatu. Pi\u0119kno naturalnego drewna w modelu SLICE jest widoczne w ka\u017cdym detalu. Opr\u00f3cz walor\u00f3w [&hellip;]<\/p>","protected":false},"featured_media":447,"comment_status":"open","ping_status":"closed","template":"","meta":[],"product_cat":[25],"product_tag":[],"_links":{"self":[{"href":"https:\/\/katalog.festi.pl\/en\/wp-json\/wp\/v2\/product\/374"}],"collection":[{"href":"https:\/\/katalog.festi.pl\/en\/wp-json\/wp\/v2\/product"}],"about":[{"href":"https:\/\/katalog.festi.pl\/en\/wp-json\/wp\/v2\/types\/product"}],"replies":[{"embeddable":true,"href":"https:\/\/katalog.festi.pl\/en\/wp-json\/wp\/v2\/comments?post=374"}],"wp:featuredmedia":[{"embeddable":true,"href":"https:\/\/katalog.festi.pl\/en\/wp-json\/wp\/v2\/media\/447"}],"wp:attachment":[{"href":"https:\/\/katalog.festi.pl\/en\/wp-json\/wp\/v2\/media?parent=374"}],"wp:term":[{"taxonomy":"product_cat","embeddable":true,"href":"https:\/\/katalog.festi.pl\/en\/wp-json\/wp\/v2\/product_cat?post=374"},{"taxonomy":"product_tag","embeddable":true,"href":"https:\/\/katalog.festi.pl\/en\/wp-json\/wp\/v2\/product_tag?post=374"}],"curies":[{"name":"wp","href":"https:\/\/api.w.org\/{rel}","templated":true}]}}