{"id":352,"date":"2024-01-15T17:16:20","date_gmt":"2024-01-15T17:16:20","guid":{"rendered":"https:\/\/katalog.festi.pl\/?post_type=product&#038;p=352"},"modified":"2024-01-19T12:27:18","modified_gmt":"2024-01-19T12:27:18","slug":"stolik-bonit","status":"publish","type":"product","link":"https:\/\/katalog.festi.pl\/en\/product\/stolik-bonit\/","title":{"rendered":"Coffee table BONIT"},"content":{"rendered":"<p>The BONIT coffee table has a minimalist style that suits both modern and classic interiors. The top is made of solid oak wood and has a protective lacquer coating, which ensures a beautiful appearance and durability of the furniture. The simple top with a large usable area perfectly matches the black, metal frame.<\/p>\n<p>The beauty of natural wood in the BONIT model is visible in every detail. In addition to aesthetic values, the table is also an indispensable companion during relaxation with a cup of your favorite coffee or tea.<\/p>\n<p class=\" translation-block\">Product features:\n\ntop made of oak wood, natural shade of wood, industrial design, solid workmanship, possibility of personalizing the wood finish on individual order. We make each product by hand according to your order.<\/p>\n<p>Contact us, together we will determine the details of your project.<\/p>","protected":false},"excerpt":{"rendered":"<p>Stolik kawowy BONIT cechuje si\u0119 minimalistycznym stylem, kt\u00f3ry wpisuje si\u0119 zar\u00f3wno z nowoczesne, jak i klasyczne wn\u0119trza. Blat wykonany z litego drewna d\u0119bowego zosta\u0142 pokryty lakierem ochronnym, co gwarantuje estetyczny wygl\u0105d i \u017cywotno\u015b\u0107 mebla. Prosty blat o du\u017cej powierzchni u\u017cytkowej idealnie komponuje si\u0119 z czarnym, metalowym stela\u017cem. Pi\u0119kno naturalnego drewna w modelu BONIT jest widoczne [&hellip;]<\/p>","protected":false},"featured_media":445,"comment_status":"open","ping_status":"closed","template":"","meta":[],"product_cat":[25],"product_tag":[],"_links":{"self":[{"href":"https:\/\/katalog.festi.pl\/en\/wp-json\/wp\/v2\/product\/352"}],"collection":[{"href":"https:\/\/katalog.festi.pl\/en\/wp-json\/wp\/v2\/product"}],"about":[{"href":"https:\/\/katalog.festi.pl\/en\/wp-json\/wp\/v2\/types\/product"}],"replies":[{"embeddable":true,"href":"https:\/\/katalog.festi.pl\/en\/wp-json\/wp\/v2\/comments?post=352"}],"wp:featuredmedia":[{"embeddable":true,"href":"https:\/\/katalog.festi.pl\/en\/wp-json\/wp\/v2\/media\/445"}],"wp:attachment":[{"href":"https:\/\/katalog.festi.pl\/en\/wp-json\/wp\/v2\/media?parent=352"}],"wp:term":[{"taxonomy":"product_cat","embeddable":true,"href":"https:\/\/katalog.festi.pl\/en\/wp-json\/wp\/v2\/product_cat?post=352"},{"taxonomy":"product_tag","embeddable":true,"href":"https:\/\/katalog.festi.pl\/en\/wp-json\/wp\/v2\/product_tag?post=352"}],"curies":[{"name":"wp","href":"https:\/\/api.w.org\/{rel}","templated":true}]}}