{"id":351,"date":"2024-01-15T17:16:20","date_gmt":"2024-01-15T17:16:20","guid":{"rendered":"https:\/\/katalog.festi.pl\/?post_type=product&#038;p=351"},"modified":"2024-01-15T17:18:08","modified_gmt":"2024-01-15T17:18:08","slug":"komoda-retro","status":"publish","type":"product","link":"https:\/\/katalog.festi.pl\/en\/product\/komoda-retro\/","title":{"rendered":"Commode RETRO"},"content":{"rendered":"<p>\"The RETRO dresser stands out with its slender structure, in which the beauty of natural wood is combined with metal elements. The furniture is equipped with practical shelves and spacious drawers, which facilitate storage. The glass doors are a characteristic feature that gives the dresser a unique character. <\/p>\n<p>The RETRO dresser will help you effectively organize your space. The high quality of workmanship is a guarantee of long-term comfort of using the furniture. <\/p>\n<p class=\" translation-block\">Product features:\n\nsolid construction from oak boards, deep shelves facilitating space organization, modern design, glass elements, guarantee of functionality for years, universal model: suitable for office and home interiors, possibility of personalizing the wood finish on individual order. Are you interested in a different color of wood or a personalized layout of drawers? We make each product by hand according to your order.<\/p>\n<p>Contact us, together we will determine the details of your project.<\/p>","protected":false},"excerpt":{"rendered":"<p>Komoda RETRO charakteryzuje si\u0119 smuk\u0142\u0105 konstrukcj\u0105, w kt\u00f3rej pi\u0119kno naturalnego drewna \u0142\u0105czy si\u0119 z metalowymi elementami. Mebel jest wyposa\u017cony w praktyczne p\u00f3\u0142ki oraz pojemne szuflady, co u\u0142atwia przechowywanie. Szklane drzwiczki to charakterystyczny element, kt\u00f3ry nadaje komodzie nietuzinkowego charakteru. Komoda RETRO pomo\u017ce Ci efektywnie zorganizowa\u0107 przestrze\u0144. Wysoka jako\u015b\u0107 wykonania to gwarancja wieloletniego komfortu u\u017cytkowania mebli. Cechy [&hellip;]<\/p>","protected":false},"featured_media":444,"comment_status":"open","ping_status":"closed","template":"","meta":[],"product_cat":[27],"product_tag":[],"_links":{"self":[{"href":"https:\/\/katalog.festi.pl\/en\/wp-json\/wp\/v2\/product\/351"}],"collection":[{"href":"https:\/\/katalog.festi.pl\/en\/wp-json\/wp\/v2\/product"}],"about":[{"href":"https:\/\/katalog.festi.pl\/en\/wp-json\/wp\/v2\/types\/product"}],"replies":[{"embeddable":true,"href":"https:\/\/katalog.festi.pl\/en\/wp-json\/wp\/v2\/comments?post=351"}],"wp:featuredmedia":[{"embeddable":true,"href":"https:\/\/katalog.festi.pl\/en\/wp-json\/wp\/v2\/media\/444"}],"wp:attachment":[{"href":"https:\/\/katalog.festi.pl\/en\/wp-json\/wp\/v2\/media?parent=351"}],"wp:term":[{"taxonomy":"product_cat","embeddable":true,"href":"https:\/\/katalog.festi.pl\/en\/wp-json\/wp\/v2\/product_cat?post=351"},{"taxonomy":"product_tag","embeddable":true,"href":"https:\/\/katalog.festi.pl\/en\/wp-json\/wp\/v2\/product_tag?post=351"}],"curies":[{"name":"wp","href":"https:\/\/api.w.org\/{rel}","templated":true}]}}