{"id":348,"date":"2024-01-15T17:16:20","date_gmt":"2024-01-15T17:16:20","guid":{"rendered":"https:\/\/katalog.festi.pl\/?post_type=product&#038;p=348"},"modified":"2024-01-19T12:26:55","modified_gmt":"2024-01-19T12:26:55","slug":"stol-debowy-patina","status":"publish","type":"product","link":"https:\/\/katalog.festi.pl\/en\/product\/stol-debowy-patina\/","title":{"rendered":"ST\u00d3\u0141 D\u0118BOWY &#8222;PATINA&#8221;"},"content":{"rendered":"<p>\"The PATINA table is a modern model that perfectly matches interiors of various styles. It is characterized by a simple, elongated top and dark wood finish, which in combination with a metal frame painted with powder paint in black is a perfect complement to any interior.<\/p>\n<p>In our offer you will discover a rich range of tables made to order. All products are handmade from the highest quality materials. The product will reach you assembled.<\/p>\n<p class=\" translation-block\">Product features:\n\ndimensions: 250 x 100 cm, height: 77 cm, thickness: 4 cm, top of solid oak wood, knots and cracks filled with black resin, color patina, protected with matte varnish, modern design. We make each piece of furniture by hand according to your order. We provide the possibility of personalizing the wood and profile of the top, color and frame.<\/p>\n<p>Contact us, together we will determine the details of your project.<\/p>","protected":false},"excerpt":{"rendered":"<p>St\u00f3\u0142 PATINA to nowoczesny model, kt\u00f3ry doskonale nadaje si\u0119 do wn\u0119trz o r\u00f3\u017cnorodnej stylistyce. Charakteryzuje go prosty, wyd\u0142u\u017cony blat oraz ciemne wyko\u0144czenie drewna, kt\u00f3re w po\u0142\u0105czeniu z metalowym stela\u017cem malowanym farb\u0105 proszkow\u0105 w kolorze czarnym stanowi idealne dope\u0142nienie ka\u017cdego wn\u0119trza. W naszej ofercie znajdziesz szerok\u0105 gam\u0119 sto\u0142\u00f3w produkowanych na indywidualne zam\u00f3wienie. Wszystkie produkty wykonywane s\u0105 [&hellip;]<\/p>","protected":false},"featured_media":427,"comment_status":"open","ping_status":"closed","template":"","meta":[],"product_cat":[23],"product_tag":[],"_links":{"self":[{"href":"https:\/\/katalog.festi.pl\/en\/wp-json\/wp\/v2\/product\/348"}],"collection":[{"href":"https:\/\/katalog.festi.pl\/en\/wp-json\/wp\/v2\/product"}],"about":[{"href":"https:\/\/katalog.festi.pl\/en\/wp-json\/wp\/v2\/types\/product"}],"replies":[{"embeddable":true,"href":"https:\/\/katalog.festi.pl\/en\/wp-json\/wp\/v2\/comments?post=348"}],"wp:featuredmedia":[{"embeddable":true,"href":"https:\/\/katalog.festi.pl\/en\/wp-json\/wp\/v2\/media\/427"}],"wp:attachment":[{"href":"https:\/\/katalog.festi.pl\/en\/wp-json\/wp\/v2\/media?parent=348"}],"wp:term":[{"taxonomy":"product_cat","embeddable":true,"href":"https:\/\/katalog.festi.pl\/en\/wp-json\/wp\/v2\/product_cat?post=348"},{"taxonomy":"product_tag","embeddable":true,"href":"https:\/\/katalog.festi.pl\/en\/wp-json\/wp\/v2\/product_tag?post=348"}],"curies":[{"name":"wp","href":"https:\/\/api.w.org\/{rel}","templated":true}]}}