{"id":346,"date":"2024-01-15T17:16:20","date_gmt":"2024-01-15T17:16:20","guid":{"rendered":"https:\/\/katalog.festi.pl\/?post_type=product&#038;p=346"},"modified":"2024-01-19T12:26:40","modified_gmt":"2024-01-19T12:26:40","slug":"stol-debowy-metro","status":"publish","type":"product","link":"https:\/\/katalog.festi.pl\/en\/product\/stol-debowy-metro\/","title":{"rendered":"ST\u00d3\u0141 D\u0118BOWY &#8222;METRO&#8221;"},"content":{"rendered":"<p>The oak table METRO is the quintessence of elegance. The top with beveled edges and original coloring perfectly matches the simple metal frame painted with powder paint in black. The table is suitable for both home and office or utility spaces.<\/p>\n<p>In our offer you will discover a rich range of tables made to order. All products are handmade from the highest quality materials. The product will reach you assembled.<\/p>\n<p class=\" translation-block\">Product features:\n\ndimensions: 200 x 100 cm, height: 77 cm, edge cut at an angle of 45 degrees, thickness: 4 cm, knots and cracks filled with black resin, color patina, modern design. We make each piece of furniture by hand according to your order. We provide the possibility of personalizing the wood and profile of the top, color and frame.<\/p>\n<p>Contact us, together we will determine the details of your project.<\/p>","protected":false},"excerpt":{"rendered":"<p>St\u00f3\u0142 d\u0119bowy METRO to kwintesencja elegancji. Blat o \u015bci\u0119tych kraw\u0119dziach oraz oryginalnym zabarwieniu idealnie komponuje si\u0119 z prostym metalowym stela\u017cem malowanym farb\u0105 proszkow\u0105 w kolorze czarnym. St\u00f3\u0142 sprawdzi si\u0119 zar\u00f3wno do pomieszcze\u0144 domowych, jak i przestrzeni u\u017cytkowych czy biurowych. W naszej ofercie znajdziesz szerok\u0105 gam\u0119 sto\u0142\u00f3w produkowanych na indywidualne zam\u00f3wienie. Wszystkie produkty wykonywane s\u0105 r\u0119cznie [&hellip;]<\/p>","protected":false},"featured_media":412,"comment_status":"open","ping_status":"closed","template":"","meta":[],"product_cat":[23],"product_tag":[],"_links":{"self":[{"href":"https:\/\/katalog.festi.pl\/en\/wp-json\/wp\/v2\/product\/346"}],"collection":[{"href":"https:\/\/katalog.festi.pl\/en\/wp-json\/wp\/v2\/product"}],"about":[{"href":"https:\/\/katalog.festi.pl\/en\/wp-json\/wp\/v2\/types\/product"}],"replies":[{"embeddable":true,"href":"https:\/\/katalog.festi.pl\/en\/wp-json\/wp\/v2\/comments?post=346"}],"wp:featuredmedia":[{"embeddable":true,"href":"https:\/\/katalog.festi.pl\/en\/wp-json\/wp\/v2\/media\/412"}],"wp:attachment":[{"href":"https:\/\/katalog.festi.pl\/en\/wp-json\/wp\/v2\/media?parent=346"}],"wp:term":[{"taxonomy":"product_cat","embeddable":true,"href":"https:\/\/katalog.festi.pl\/en\/wp-json\/wp\/v2\/product_cat?post=346"},{"taxonomy":"product_tag","embeddable":true,"href":"https:\/\/katalog.festi.pl\/en\/wp-json\/wp\/v2\/product_tag?post=346"}],"curies":[{"name":"wp","href":"https:\/\/api.w.org\/{rel}","templated":true}]}}