{"id":341,"date":"2024-01-15T17:16:20","date_gmt":"2024-01-15T17:16:20","guid":{"rendered":"https:\/\/katalog.festi.pl\/?post_type=product&#038;p=341"},"modified":"2024-01-15T17:17:20","modified_gmt":"2024-01-15T17:17:20","slug":"komoda-twin","status":"publish","type":"product","link":"https:\/\/katalog.festi.pl\/en\/product\/komoda-twin\/","title":{"rendered":"Commode TWIN"},"content":{"rendered":"<p>The TWIN dresser made of high-quality oak wood is a loft accent that perfectly matches any space, giving it a unique character. The simple form on a high steel frame has four full doors, which greatly facilitates storage. <\/p>\n<p>The TWIN dresser will help you effectively organize your space. The high quality of workmanship is a guarantee of long-term comfort of using the furniture.<\/p>\n<p class=\" translation-block\">Product features:\n\nsolid construction from oak boards, steel legs, deep drawers facilitating space organization, modern design, guarantee of functionality for years, universal model: suitable for office and home interiors, possibility of personalizing the wood finish on individual order. Are you interested in a different color of wood or a personalized layout of drawers? We make each product by hand according to your order.<\/p>\n<p>Contact us, together we will determine the details of your project.<\/p>","protected":false},"excerpt":{"rendered":"<p>Komoda TWIN wykonana z wysokogatunkowego drzewa d\u0119bowego to loftowy akcent, kt\u00f3ry doskonale wkomponuje si\u0119 w ka\u017cd\u0105 przestrze\u0144, nadaj\u0105c jej niepowtarzalnego charakteru. Prosta bry\u0142a na wysokim stalowym stela\u017cu posiada czworo pe\u0142nych drzwi, co znacznie u\u0142atwia przechowywanie. Komoda TWIN pomo\u017ce Ci efektywnie zorganizowa\u0107 przestrze\u0144. Wysoka jako\u015b\u0107 wykonania to gwarancja wieloletniego komfortu u\u017cytkowania mebli. Cechy produktu: &#8211; solidne [&hellip;]<\/p>","protected":false},"featured_media":405,"comment_status":"open","ping_status":"closed","template":"","meta":[],"product_cat":[27],"product_tag":[],"_links":{"self":[{"href":"https:\/\/katalog.festi.pl\/en\/wp-json\/wp\/v2\/product\/341"}],"collection":[{"href":"https:\/\/katalog.festi.pl\/en\/wp-json\/wp\/v2\/product"}],"about":[{"href":"https:\/\/katalog.festi.pl\/en\/wp-json\/wp\/v2\/types\/product"}],"replies":[{"embeddable":true,"href":"https:\/\/katalog.festi.pl\/en\/wp-json\/wp\/v2\/comments?post=341"}],"wp:featuredmedia":[{"embeddable":true,"href":"https:\/\/katalog.festi.pl\/en\/wp-json\/wp\/v2\/media\/405"}],"wp:attachment":[{"href":"https:\/\/katalog.festi.pl\/en\/wp-json\/wp\/v2\/media?parent=341"}],"wp:term":[{"taxonomy":"product_cat","embeddable":true,"href":"https:\/\/katalog.festi.pl\/en\/wp-json\/wp\/v2\/product_cat?post=341"},{"taxonomy":"product_tag","embeddable":true,"href":"https:\/\/katalog.festi.pl\/en\/wp-json\/wp\/v2\/product_tag?post=341"}],"curies":[{"name":"wp","href":"https:\/\/api.w.org\/{rel}","templated":true}]}}