{"id":340,"date":"2024-01-15T17:16:20","date_gmt":"2024-01-15T17:16:20","guid":{"rendered":"https:\/\/katalog.festi.pl\/?post_type=product&#038;p=340"},"modified":"2024-01-15T17:17:19","modified_gmt":"2024-01-15T17:17:19","slug":"komoda-urban","status":"publish","type":"product","link":"https:\/\/katalog.festi.pl\/en\/product\/komoda-urban\/","title":{"rendered":"Commode URBAN"},"content":{"rendered":"<p>The URBAN dresser made of high-quality ash wood is a loft accent that is perfect for both home and office spaces. The simple form has two full doors and three deep drawers, which greatly facilitates storage. <\/p>\n<p>The EDGE dresser will help you effectively organize your space. The high quality of workmanship is a guarantee of long-term comfort of using the furniture.<\/p>\n<p class=\" translation-block\">Product features:\n\nsolid construction from oak boards, steel legs, deep drawers facilitating space organization, modern design, guarantee of functionality for years, universal model: suitable for office and home interiors, possibility of personalizing the wood finish on individual order. Are you interested in a different color of wood or a personalized layout of drawers? We make each product by hand according to your order.<\/p>\n<p>Contact us, together we will determine the details of your project.<\/p>","protected":false},"excerpt":{"rendered":"<p>Komoda URBAN wykonana z wysokogatunkowego drzewa jesionowego to loftowy akcent, kt\u00f3ry idealnie nadaje si\u0119 zar\u00f3wno do przestrzeni domowych, jak i biurowych. Prosta bry\u0142a posiada dwoje pe\u0142nych drzwi oraz a\u017c trzy g\u0142\u0119bokie szuflady, co znacznie u\u0142atwia przechowywanie. Komoda URBAN pomo\u017ce Ci efektywnie zorganizowa\u0107 przestrze\u0144. Wysoka jako\u015b\u0107 wykonania to gwarancja wieloletniego komfortu u\u017cytkowania mebli. Cechy produktu: &#8211; [&hellip;]<\/p>","protected":false},"featured_media":404,"comment_status":"open","ping_status":"closed","template":"","meta":[],"product_cat":[27],"product_tag":[],"_links":{"self":[{"href":"https:\/\/katalog.festi.pl\/en\/wp-json\/wp\/v2\/product\/340"}],"collection":[{"href":"https:\/\/katalog.festi.pl\/en\/wp-json\/wp\/v2\/product"}],"about":[{"href":"https:\/\/katalog.festi.pl\/en\/wp-json\/wp\/v2\/types\/product"}],"replies":[{"embeddable":true,"href":"https:\/\/katalog.festi.pl\/en\/wp-json\/wp\/v2\/comments?post=340"}],"wp:featuredmedia":[{"embeddable":true,"href":"https:\/\/katalog.festi.pl\/en\/wp-json\/wp\/v2\/media\/404"}],"wp:attachment":[{"href":"https:\/\/katalog.festi.pl\/en\/wp-json\/wp\/v2\/media?parent=340"}],"wp:term":[{"taxonomy":"product_cat","embeddable":true,"href":"https:\/\/katalog.festi.pl\/en\/wp-json\/wp\/v2\/product_cat?post=340"},{"taxonomy":"product_tag","embeddable":true,"href":"https:\/\/katalog.festi.pl\/en\/wp-json\/wp\/v2\/product_tag?post=340"}],"curies":[{"name":"wp","href":"https:\/\/api.w.org\/{rel}","templated":true}]}}