{"id":339,"date":"2024-01-15T17:16:20","date_gmt":"2024-01-15T17:16:20","guid":{"rendered":"https:\/\/katalog.festi.pl\/?post_type=product&#038;p=339"},"modified":"2024-01-15T17:17:18","modified_gmt":"2024-01-15T17:17:18","slug":"komoda-edge","status":"publish","type":"product","link":"https:\/\/katalog.festi.pl\/en\/product\/komoda-edge\/","title":{"rendered":"Commode EDGE"},"content":{"rendered":"<p>The modern EDGE dresser made of high-quality oak wood is a loft accent that perfectly matches any space in your home or office. The simple form has full doors and three deep drawers, which not only look great, but are also extremely functional. <\/p>\n<p>The EDGE dresser will help you effectively organize your space. The high quality of workmanship is a guarantee of long-term comfort of using the furniture. <\/p>\n<p class=\" translation-block\">Product features:\n\nsolid construction from oak boards, steel legs, deep drawers facilitating space organization, modern design, guarantee of functionality for years, universal model: suitable for office and home interiors, possibility of personalizing the wood finish on individual order. Are you interested in a different color of wood or a personalized layout of drawers? We make each product by hand according to your order.<\/p>\n<p>Contact us, together we will determine the details of your project.<\/p>","protected":false},"excerpt":{"rendered":"<p>Nowoczesna komoda EDGE wykonana z wysokogatunkowego drewna d\u0119bowego to loftowy akcent, kt\u00f3ry idealnie wkomponuje si\u0119 w ka\u017cd\u0105 przestrze\u0144 Twojego domu lub biura. Prosta bry\u0142a posiada pe\u0142ne drzwi oraz a\u017c trzy g\u0142\u0119bokie szuflady, dzi\u0119ki czemu nie tylko doskonale si\u0119 prezentuje, ale te\u017c jest niezwykle funkcjonalna. Komoda EDGE pomo\u017ce Ci efektywnie zorganizowa\u0107 przestrze\u0144. Wysoka jako\u015b\u0107 wykonania to [&hellip;]<\/p>","protected":false},"featured_media":403,"comment_status":"open","ping_status":"closed","template":"","meta":[],"product_cat":[27],"product_tag":[],"_links":{"self":[{"href":"https:\/\/katalog.festi.pl\/en\/wp-json\/wp\/v2\/product\/339"}],"collection":[{"href":"https:\/\/katalog.festi.pl\/en\/wp-json\/wp\/v2\/product"}],"about":[{"href":"https:\/\/katalog.festi.pl\/en\/wp-json\/wp\/v2\/types\/product"}],"replies":[{"embeddable":true,"href":"https:\/\/katalog.festi.pl\/en\/wp-json\/wp\/v2\/comments?post=339"}],"wp:featuredmedia":[{"embeddable":true,"href":"https:\/\/katalog.festi.pl\/en\/wp-json\/wp\/v2\/media\/403"}],"wp:attachment":[{"href":"https:\/\/katalog.festi.pl\/en\/wp-json\/wp\/v2\/media?parent=339"}],"wp:term":[{"taxonomy":"product_cat","embeddable":true,"href":"https:\/\/katalog.festi.pl\/en\/wp-json\/wp\/v2\/product_cat?post=339"},{"taxonomy":"product_tag","embeddable":true,"href":"https:\/\/katalog.festi.pl\/en\/wp-json\/wp\/v2\/product_tag?post=339"}],"curies":[{"name":"wp","href":"https:\/\/api.w.org\/{rel}","templated":true}]}}