{"id":338,"date":"2024-01-15T17:16:19","date_gmt":"2024-01-15T17:16:19","guid":{"rendered":"https:\/\/katalog.festi.pl\/?post_type=product&#038;p=338"},"modified":"2024-01-15T17:17:17","modified_gmt":"2024-01-15T17:17:17","slug":"biurko-nexus","status":"publish","type":"product","link":"https:\/\/katalog.festi.pl\/en\/product\/biurko-nexus\/","title":{"rendered":"Desk NEXUS"},"content":{"rendered":"<p>The NEXUS loft desk was designed to combine aesthetics with functionality. The uniqueness of the structure attracts attention, adding a unique character to the interior. At the same time, this model is equipped with practical shelves that provide space for storing books, documents or accessories. <\/p>\n<p>The modern NEXUS desk is a piece of furniture that will allow you to effectively use the space. Add some original, modern style to your interior and provide yourself with a comfortable and creative place to work and relax.<\/p>\n<p class=\" translation-block\">Product features:\n\nsolid top of solid oak wood, durable steel frame, shelves facilitating space organization, modern design, guarantee of functionality for years, universal model: suitable for office and home interiors, possibility of personalizing the wood finish on individual order. We make each product by hand according to your order.<\/p>\n<p>Contact us, together we will determine the details of your project.<\/p>","protected":false},"excerpt":{"rendered":"<p>Biurko loftowe NEXUS zosta\u0142o zaprojektowane tak, aby \u0142\u0105czy\u0107 estetyk\u0119 z funkcjonalno\u015bci\u0105. Unikalno\u015b\u0107 konstrukcji przyci\u0105ga uwag\u0119, dodaj\u0105c wn\u0119trzu nietuzinkowego charakteru. Jednocze\u015bnie ten model wyposa\u017cony jest w praktyczne p\u00f3\u0142ki, kt\u00f3re zapewniaj\u0105 miejsce niezb\u0119dne do przechowywania ksi\u0105\u017cek, dokument\u00f3w czy akcesori\u00f3w. Nowoczesne biurko NEXUS to mebel, kt\u00f3ry pozwoli Ci efektywne wykorzysta\u0107 przestrze\u0144. Dodaj swojemu wn\u0119trzu oryginalnego, nowoczesnego stylu i [&hellip;]<\/p>","protected":false},"featured_media":402,"comment_status":"open","ping_status":"closed","template":"","meta":[],"product_cat":[26],"product_tag":[],"_links":{"self":[{"href":"https:\/\/katalog.festi.pl\/en\/wp-json\/wp\/v2\/product\/338"}],"collection":[{"href":"https:\/\/katalog.festi.pl\/en\/wp-json\/wp\/v2\/product"}],"about":[{"href":"https:\/\/katalog.festi.pl\/en\/wp-json\/wp\/v2\/types\/product"}],"replies":[{"embeddable":true,"href":"https:\/\/katalog.festi.pl\/en\/wp-json\/wp\/v2\/comments?post=338"}],"wp:featuredmedia":[{"embeddable":true,"href":"https:\/\/katalog.festi.pl\/en\/wp-json\/wp\/v2\/media\/402"}],"wp:attachment":[{"href":"https:\/\/katalog.festi.pl\/en\/wp-json\/wp\/v2\/media?parent=338"}],"wp:term":[{"taxonomy":"product_cat","embeddable":true,"href":"https:\/\/katalog.festi.pl\/en\/wp-json\/wp\/v2\/product_cat?post=338"},{"taxonomy":"product_tag","embeddable":true,"href":"https:\/\/katalog.festi.pl\/en\/wp-json\/wp\/v2\/product_tag?post=338"}],"curies":[{"name":"wp","href":"https:\/\/api.w.org\/{rel}","templated":true}]}}