{"id":337,"date":"2024-01-15T17:16:19","date_gmt":"2024-01-15T17:16:19","guid":{"rendered":"https:\/\/katalog.festi.pl\/?post_type=product&#038;p=337"},"modified":"2024-01-15T17:17:15","modified_gmt":"2024-01-15T17:17:15","slug":"biurko-xeno","status":"publish","type":"product","link":"https:\/\/katalog.festi.pl\/en\/product\/biurko-xeno\/","title":{"rendered":"Desk XENO"},"content":{"rendered":"<p>XENO is a stylish desk that will give your interior a unique character and allow you to organize your space well. The top made of solid oak wood combined with a fancy steel frame will be a perfect complement to spaces maintained in a raw, industrial style. The XENO desk is an investment for years.<\/p>\n<p>The modern XENO desk is a piece of furniture that will allow you to effectively use the space. Add some extraordinary, modern style to your interior and provide yourself with a comfortable and creative place to work and relax.<\/p>\n<p class=\" translation-block\">Product features:\n\nsolid top of solid oak wood, durable steel frame, modern design, guarantee of functionality for years, universal model: suitable for office and home interiors, possibility of personalizing the wood finish on individual order. We make each product by hand according to your order.<\/p>\n<p>Contact us, together we will determine the details of your project.<\/p>","protected":false},"excerpt":{"rendered":"<p>XENO to stylowe biurko, kt\u00f3re nada wn\u0119trzu nietuzinkowego charakteru oraz pozwoli dobrze zorganizowa\u0107 przestrze\u0144. Blat wykonany z litego drewna d\u0119bowego w po\u0142\u0105czeniu z fantazyjnym stalowym stela\u017cem b\u0119dzie idealnym dope\u0142nieniem przestrzeni utrzymanych w surowej, industrialnej stylistyce. Biurko XENO to inwestycja na d\u0142ugie lata. Nowoczesne biurko XENO to mebel, kt\u00f3ry pozwoli Ci efektywne wykorzysta\u0107 przestrze\u0144. Dodaj swojemu [&hellip;]<\/p>","protected":false},"featured_media":401,"comment_status":"open","ping_status":"closed","template":"","meta":[],"product_cat":[26],"product_tag":[],"_links":{"self":[{"href":"https:\/\/katalog.festi.pl\/en\/wp-json\/wp\/v2\/product\/337"}],"collection":[{"href":"https:\/\/katalog.festi.pl\/en\/wp-json\/wp\/v2\/product"}],"about":[{"href":"https:\/\/katalog.festi.pl\/en\/wp-json\/wp\/v2\/types\/product"}],"replies":[{"embeddable":true,"href":"https:\/\/katalog.festi.pl\/en\/wp-json\/wp\/v2\/comments?post=337"}],"wp:featuredmedia":[{"embeddable":true,"href":"https:\/\/katalog.festi.pl\/en\/wp-json\/wp\/v2\/media\/401"}],"wp:attachment":[{"href":"https:\/\/katalog.festi.pl\/en\/wp-json\/wp\/v2\/media?parent=337"}],"wp:term":[{"taxonomy":"product_cat","embeddable":true,"href":"https:\/\/katalog.festi.pl\/en\/wp-json\/wp\/v2\/product_cat?post=337"},{"taxonomy":"product_tag","embeddable":true,"href":"https:\/\/katalog.festi.pl\/en\/wp-json\/wp\/v2\/product_tag?post=337"}],"curies":[{"name":"wp","href":"https:\/\/api.w.org\/{rel}","templated":true}]}}