{"id":335,"date":"2024-01-15T17:16:19","date_gmt":"2024-01-15T17:16:19","guid":{"rendered":"https:\/\/katalog.festi.pl\/?post_type=product&#038;p=335"},"modified":"2024-01-15T17:17:13","modified_gmt":"2024-01-15T17:17:13","slug":"biurko-luxe","status":"publish","type":"product","link":"https:\/\/katalog.festi.pl\/en\/product\/biurko-luxe\/","title":{"rendered":"Desk LUXE"},"content":{"rendered":"<p>The LUXE desk is a functional piece of furniture in an industrial style, which has been refined in every detail. The top of high-quality solid wood was combined with an original steel structure, which gives the whole a unique character. The unique design attracts attention, while being a decoration of any space. <\/p>\n<p>The industrial LUXE desk is a piece of furniture that will allow you to effectively use the space. Add some extraordinary, modern style to your interior and provide yourself with a comfortable and creative place to work and relax. <\/p>\n<p class=\" translation-block\">Product features:\n\nsolid top of solid oak wood, durable steel frame, modern design, guarantee of functionality for years, universal model: suitable for home and office interiors, possibility of personalizing the wood finish on individual order. We make each product by hand according to your order.<\/p>\n<p>Contact us, together we will determine the details of your project.<\/p>","protected":false},"excerpt":{"rendered":"<p>Biurko LUXE to funkcjonalny mebel w industrialnym stylu, kt\u00f3ry zosta\u0142 dopracowany w ka\u017cdym szczeg\u00f3le. Blat z wysokogatunkowego drewna litego po\u0142\u0105czono z niesztampow\u0105 konstrukcj\u0105 ze stali, co dodaje ca\u0142o\u015bci wyj\u0105tkowego charakteru. Unikalny design przyci\u0105ga uwag\u0119, jednocze\u015bnie stanowi\u0105c ozdob\u0119 ka\u017cdej przestrzeni. Industrialne biurko LUXE to mebel, kt\u00f3ry pozwoli Ci efektywne wykorzysta\u0107 przestrze\u0144. Dodaj swojemu wn\u0119trzu oryginalnego, nowoczesnego [&hellip;]<\/p>","protected":false},"featured_media":399,"comment_status":"open","ping_status":"closed","template":"","meta":[],"product_cat":[26],"product_tag":[],"_links":{"self":[{"href":"https:\/\/katalog.festi.pl\/en\/wp-json\/wp\/v2\/product\/335"}],"collection":[{"href":"https:\/\/katalog.festi.pl\/en\/wp-json\/wp\/v2\/product"}],"about":[{"href":"https:\/\/katalog.festi.pl\/en\/wp-json\/wp\/v2\/types\/product"}],"replies":[{"embeddable":true,"href":"https:\/\/katalog.festi.pl\/en\/wp-json\/wp\/v2\/comments?post=335"}],"wp:featuredmedia":[{"embeddable":true,"href":"https:\/\/katalog.festi.pl\/en\/wp-json\/wp\/v2\/media\/399"}],"wp:attachment":[{"href":"https:\/\/katalog.festi.pl\/en\/wp-json\/wp\/v2\/media?parent=335"}],"wp:term":[{"taxonomy":"product_cat","embeddable":true,"href":"https:\/\/katalog.festi.pl\/en\/wp-json\/wp\/v2\/product_cat?post=335"},{"taxonomy":"product_tag","embeddable":true,"href":"https:\/\/katalog.festi.pl\/en\/wp-json\/wp\/v2\/product_tag?post=335"}],"curies":[{"name":"wp","href":"https:\/\/api.w.org\/{rel}","templated":true}]}}