{"id":333,"date":"2024-01-15T17:16:19","date_gmt":"2024-01-15T17:16:19","guid":{"rendered":"https:\/\/katalog.festi.pl\/?post_type=product&#038;p=333"},"modified":"2024-01-17T14:40:06","modified_gmt":"2024-01-17T14:40:06","slug":"konsola-reol","status":"publish","type":"product","link":"https:\/\/katalog.festi.pl\/en\/product\/konsola-reol\/","title":{"rendered":"Console REOL"},"content":{"rendered":"<p>The REOL console is an industrial piece of furniture in a modern style. The simple, solid structure of the frame and wood will add class and elegance to any interior, and the decorative shelves will facilitate storage. The highest quality materials ensure durability and functionality that you can trust.<\/p>\n<p>Made of the highest quality materials, the REOL console not only impresses with its original appearance, but also ensures durability for long years of use. The console perfectly combines practical and aesthetic functions, and additionally harmonizes with various interior designs, giving them a unique character.<\/p>\n<p class=\" translation-block\">Cechy produktu:<br>\r\n\u2013 loftowy design,<br>\r\n\u2013 solidny stalowy stela\u017c,<br>\r\n\u2013 uniwersalny model pasuje do wn\u0119trz domowych, biurowych i u\u017cytkowych,<br>\r\n\u2013 gwarancja funkcjonalno\u015bci na lata,<br>\r\n\u2013 mo\u017cliwo\u015b\u0107 personalizacji wyko\u0144czenia drewna i stela\u017cu na indywidualne zam\u00f3wienie.<\/p>\n<p>Contact us, together we will determine the details of your project.<\/p>","protected":false},"excerpt":{"rendered":"<p>Konsola REOL to industrialny mebel w nowoczesnym stylu. Prosta, solidna konstrukcja ze stela\u017cu i drewna doda klasy i elegancji ka\u017cdemu wn\u0119trzu, a ozdobne p\u00f3\u0142ki u\u0142atwi\u0105 przechowywanie. Najwy\u017cszej jako\u015bci materia\u0142y zapewniaj\u0105 wytrzyma\u0142o\u015b\u0107 i funkcjonalno\u015b\u0107, kt\u00f3rej mo\u017cesz zaufa\u0107. Wykonana z najwy\u017cszej jako\u015bci materia\u0142\u00f3w konsola REOL nie tylko zachwyca oryginalnym wygl\u0105dem, ale r\u00f3wnie\u017c gwarantuje trwa\u0142o\u015b\u0107 na d\u0142ugie lata [&hellip;]<\/p>","protected":false},"featured_media":394,"comment_status":"open","ping_status":"closed","template":"","meta":[],"product_cat":[24],"product_tag":[],"_links":{"self":[{"href":"https:\/\/katalog.festi.pl\/en\/wp-json\/wp\/v2\/product\/333"}],"collection":[{"href":"https:\/\/katalog.festi.pl\/en\/wp-json\/wp\/v2\/product"}],"about":[{"href":"https:\/\/katalog.festi.pl\/en\/wp-json\/wp\/v2\/types\/product"}],"replies":[{"embeddable":true,"href":"https:\/\/katalog.festi.pl\/en\/wp-json\/wp\/v2\/comments?post=333"}],"wp:featuredmedia":[{"embeddable":true,"href":"https:\/\/katalog.festi.pl\/en\/wp-json\/wp\/v2\/media\/394"}],"wp:attachment":[{"href":"https:\/\/katalog.festi.pl\/en\/wp-json\/wp\/v2\/media?parent=333"}],"wp:term":[{"taxonomy":"product_cat","embeddable":true,"href":"https:\/\/katalog.festi.pl\/en\/wp-json\/wp\/v2\/product_cat?post=333"},{"taxonomy":"product_tag","embeddable":true,"href":"https:\/\/katalog.festi.pl\/en\/wp-json\/wp\/v2\/product_tag?post=333"}],"curies":[{"name":"wp","href":"https:\/\/api.w.org\/{rel}","templated":true}]}}