{"id":329,"date":"2024-01-15T17:16:19","date_gmt":"2024-01-15T17:16:19","guid":{"rendered":"https:\/\/katalog.festi.pl\/?post_type=product&#038;p=329"},"modified":"2024-04-05T13:21:11","modified_gmt":"2024-04-05T13:21:11","slug":"krzeslo-skogg-puff","status":"publish","type":"product","link":"https:\/\/katalog.festi.pl\/en\/product\/krzeslo-skogg-puff\/","title":{"rendered":"Chair PUFF"},"content":{"rendered":"<p>PUFF is a unique piece of furniture in a loft style, which can serve as both a stool and a footrest. This model is characterized by a simple structure made of high-quality composite wood. The most important element, however, is the comfortable, soft seat made of perforated leather resistant to wear and dirt. The designer form of the furniture makes it perfectly match various interior arrangements, giving them a unique character.<\/p>\n<p>The veneer of oak wood and the highest quality fabrics make the PUFF chair a comfortable and stylish piece of furniture, which quickly became a favorite of our customers. The base made of four wooden legs gives it an industrial character and guarantees stability while sitting, and the leather upholstery affects the appearance and comfort of use.<\/p>\n<p class=\" translation-block\">Product features:\n\nloft design,\nseat upholstered with top-quality fabric,\nsolid wooden legs,\nuniversal model: suitable for home, office and utility interiors,\nguarantee of comfort for years,\npossibility of personalizing the wood finish and upholstery on individual order.\nWe make each product by hand according to your order. Alternative colors of wood finish and a wide selection of upholstery for seats and backs are available.<\/p>\n<p>Contact us, together we will determine the details of your project.<\/p>","protected":false},"excerpt":{"rendered":"<p>PUFF to nietuzinkowy mebel w loftowym stylu, kt\u00f3ry mo\u017ce s\u0142u\u017cy\u0107 zar\u00f3wno jako sto\u0142ek, jak i podn\u00f3\u017cek. Model ten charakteryzuje si\u0119 prost\u0105 konstrukcj\u0105 wykonan\u0105 z wysokogatunkowego kompozytu drzewnego. Najwa\u017cniejszym elementem jest jednak wygodne, mi\u0119kkie siedzisko z perforowanej sk\u00f3ry odpornej na zu\u017cycie i zabrudzenia. Designerska forma mebla sprawia, \u017ce doskonale wsp\u00f3\u0142gra on z r\u00f3\u017cnorodnymi aran\u017cacjami wn\u0119trz, nadaj\u0105c [&hellip;]<\/p>","protected":false},"featured_media":381,"comment_status":"open","ping_status":"closed","template":"","meta":[],"product_cat":[22],"product_tag":[],"_links":{"self":[{"href":"https:\/\/katalog.festi.pl\/en\/wp-json\/wp\/v2\/product\/329"}],"collection":[{"href":"https:\/\/katalog.festi.pl\/en\/wp-json\/wp\/v2\/product"}],"about":[{"href":"https:\/\/katalog.festi.pl\/en\/wp-json\/wp\/v2\/types\/product"}],"replies":[{"embeddable":true,"href":"https:\/\/katalog.festi.pl\/en\/wp-json\/wp\/v2\/comments?post=329"}],"wp:featuredmedia":[{"embeddable":true,"href":"https:\/\/katalog.festi.pl\/en\/wp-json\/wp\/v2\/media\/381"}],"wp:attachment":[{"href":"https:\/\/katalog.festi.pl\/en\/wp-json\/wp\/v2\/media?parent=329"}],"wp:term":[{"taxonomy":"product_cat","embeddable":true,"href":"https:\/\/katalog.festi.pl\/en\/wp-json\/wp\/v2\/product_cat?post=329"},{"taxonomy":"product_tag","embeddable":true,"href":"https:\/\/katalog.festi.pl\/en\/wp-json\/wp\/v2\/product_tag?post=329"}],"curies":[{"name":"wp","href":"https:\/\/api.w.org\/{rel}","templated":true}]}}