{"id":328,"date":"2024-01-15T17:16:19","date_gmt":"2024-01-15T17:16:19","guid":{"rendered":"https:\/\/katalog.festi.pl\/?post_type=product&#038;p=328"},"modified":"2024-04-05T13:40:57","modified_gmt":"2024-04-05T13:40:57","slug":"krzeslo-vilja-leka","status":"publish","type":"product","link":"https:\/\/katalog.festi.pl\/en\/product\/krzeslo-vilja-leka\/","title":{"rendered":"Chair LEKA"},"content":{"rendered":"<p>The LEKA chair is a combination of tradition and modern style. Its simple shape fits perfectly into dining and living room interiors. The backrest of the chair is made of a composite wood with a shiny surface, which stands out for its elegance and durability. The seat is upholstered with perforated leather, which is resistant to stains and dirt, ensuring the longevity of the furniture, so that the chair will serve you for years.<\/p>\n<p>The veneer of oak wood and high-quality materials make the LEKA chair a comfortable and fashionable piece of furniture. The simple base of four wooden legs gives it an industrial vibe and ensures stability while sitting, and the leather upholstery affects the appearance and comfort of use.<\/p>\n<p class=\" translation-block\">Product features:\n\nloft design, functional backrest, seat upholstered with top-quality material (optionally), solid wooden legs, universal model: suitable for home, office and utility interiors, guarantee of comfort for years, possibility of personalizing the wood finish and upholstery on individual order. We make each product by hand according to your order. Alternative colors of wood finish and a wide selection of upholstery for seats and backs are available<\/p>\n<p>Contact us, together we will determine the details of your project.<\/p>","protected":false},"excerpt":{"rendered":"<p>Fotel LEKA to kwintesencja stylu industrialnego. Prosta bry\u0142a w ca\u0142o\u015bci wykonana z kompozytu drzewnego nadaje krzes\u0142u prostego wygl\u0105du, dzi\u0119ki czemu idealnie komponuje si\u0119 ono z ka\u017cd\u0105 przestrzeni\u0105. Niskie, g\u0142\u0119bokie siedzisko oraz specjalnie wyprofilowane oparcie zapewniaj\u0105 wygod\u0119 w trakcie u\u017cytkowania. Fotel LEKA dost\u0119pny jest w kilku wariantach, aby ka\u017cdy m\u00f3g\u0142 dostosowa\u0107 go do indywidualnych preferencji. Okleina [&hellip;]<\/p>","protected":false},"featured_media":375,"comment_status":"open","ping_status":"closed","template":"","meta":[],"product_cat":[22],"product_tag":[],"_links":{"self":[{"href":"https:\/\/katalog.festi.pl\/en\/wp-json\/wp\/v2\/product\/328"}],"collection":[{"href":"https:\/\/katalog.festi.pl\/en\/wp-json\/wp\/v2\/product"}],"about":[{"href":"https:\/\/katalog.festi.pl\/en\/wp-json\/wp\/v2\/types\/product"}],"replies":[{"embeddable":true,"href":"https:\/\/katalog.festi.pl\/en\/wp-json\/wp\/v2\/comments?post=328"}],"wp:featuredmedia":[{"embeddable":true,"href":"https:\/\/katalog.festi.pl\/en\/wp-json\/wp\/v2\/media\/375"}],"wp:attachment":[{"href":"https:\/\/katalog.festi.pl\/en\/wp-json\/wp\/v2\/media?parent=328"}],"wp:term":[{"taxonomy":"product_cat","embeddable":true,"href":"https:\/\/katalog.festi.pl\/en\/wp-json\/wp\/v2\/product_cat?post=328"},{"taxonomy":"product_tag","embeddable":true,"href":"https:\/\/katalog.festi.pl\/en\/wp-json\/wp\/v2\/product_tag?post=328"}],"curies":[{"name":"wp","href":"https:\/\/api.w.org\/{rel}","templated":true}]}}