{"id":327,"date":"2024-01-15T17:16:19","date_gmt":"2024-01-15T17:16:19","guid":{"rendered":"https:\/\/katalog.festi.pl\/?post_type=product&#038;p=327"},"modified":"2024-04-05T13:06:58","modified_gmt":"2024-04-05T13:06:58","slug":"krzeslo-hygge-hole","status":"publish","type":"product","link":"https:\/\/katalog.festi.pl\/en\/product\/krzeslo-hygge-hole\/","title":{"rendered":"Chair HOLE"},"content":{"rendered":"<p>The HOLE chair is a perfect choice for both modern and traditional interiors. The original shape of the backrest with armrests gives the furniture a unique character, and at the same time provides comfort while sitting. Composite wood and perforated leather are durable materials that affect the strength and aesthetics of the chair.<\/p>\n<p>The veneer of oak wood and the highest quality fabrics make the HOLE chair a comfortable and fashionable piece of furniture. The base of four wooden legs gives it an industrial vibe and ensures stability while sitting, and the leather upholstery affects the appearance and comfort of use.<\/p>\n<p class=\" translation-block\">Product features:\n\nloft design, backrest with armrests, seat upholstered with top-quality material, solid wooden legs, solid backrest cover, universal model: suitable for home, office and utility interiors, guarantee of comfort for years, possibility of personalizing the wood finish and upholstery on individual order. We make each product by hand according to your order. Alternative colors of wood finish and a wide selection of upholstery for seats and backs are available.<\/p>\n<p>Contact us, together we will determine the details of your project.<\/p>","protected":false},"excerpt":{"rendered":"<p>Krzes\u0142o HOLE to idealny wyb\u00f3r zar\u00f3wno do nowoczesnych, jak i klasycznych wn\u0119trz. Nietuzinkowy kszta\u0142t oparcia z pod\u0142okietnikami nadaje meblowi niepowtarzalnego charakteru, a jednocze\u015bnie zapewnia wygod\u0119 w trakcie siedzenia. Kompozyt drzewny oraz perforowana sk\u00f3ra to solidne materia\u0142y, kt\u00f3re wp\u0142ywaj\u0105 na trwa\u0142o\u015b\u0107 i estetyk\u0119 krzes\u0142a. Okleina z forniru d\u0119bowego oraz najwy\u017cszej jako\u015bci tkaniny sprawiaj\u0105, \u017ce krzes\u0142o HOLE [&hellip;]<\/p>","protected":false},"featured_media":367,"comment_status":"open","ping_status":"closed","template":"","meta":[],"product_cat":[22],"product_tag":[],"_links":{"self":[{"href":"https:\/\/katalog.festi.pl\/en\/wp-json\/wp\/v2\/product\/327"}],"collection":[{"href":"https:\/\/katalog.festi.pl\/en\/wp-json\/wp\/v2\/product"}],"about":[{"href":"https:\/\/katalog.festi.pl\/en\/wp-json\/wp\/v2\/types\/product"}],"replies":[{"embeddable":true,"href":"https:\/\/katalog.festi.pl\/en\/wp-json\/wp\/v2\/comments?post=327"}],"wp:featuredmedia":[{"embeddable":true,"href":"https:\/\/katalog.festi.pl\/en\/wp-json\/wp\/v2\/media\/367"}],"wp:attachment":[{"href":"https:\/\/katalog.festi.pl\/en\/wp-json\/wp\/v2\/media?parent=327"}],"wp:term":[{"taxonomy":"product_cat","embeddable":true,"href":"https:\/\/katalog.festi.pl\/en\/wp-json\/wp\/v2\/product_cat?post=327"},{"taxonomy":"product_tag","embeddable":true,"href":"https:\/\/katalog.festi.pl\/en\/wp-json\/wp\/v2\/product_tag?post=327"}],"curies":[{"name":"wp","href":"https:\/\/api.w.org\/{rel}","templated":true}]}}