{"id":325,"date":"2024-01-15T17:16:19","date_gmt":"2024-01-15T17:16:19","guid":{"rendered":"https:\/\/katalog.festi.pl\/?post_type=product&#038;p=325"},"modified":"2024-04-05T11:15:08","modified_gmt":"2024-04-05T11:15:08","slug":"krzeslo-ravn-pegaz","status":"publish","type":"product","link":"https:\/\/katalog.festi.pl\/en\/product\/krzeslo-ravn-pegaz\/","title":{"rendered":"Chair PEGAZ"},"content":{"rendered":"<p>The PEGAZ chair is a comfortable chair in an industrial style, which fits perfectly into loft interiors. The seat and backrest are covered with high-quality perforated leather, which gives the furniture an aesthetic appearance and affects its durability. Thanks to this, the chair will be an integral part of your space for many years.<\/p>\n<p>The veneer of oak wood and the highest quality fabrics make the PEGAZ chair a comfortable and stylish piece of furniture. The simple base of four wooden legs gives it an industrial character and guarantees stability while sitting, and the leather upholstery affects the appearance and comfort of use.<\/p>\n<p class=\" translation-block\">loft design, practical execution, seat upholstered with top-quality material, strong wooden legs, solid backrest cover, guarantee of comfort for years, universal model: suitable for home, office and utility interiors, possibility of personalizing the wood finish and upholstery on individual order. We make each product by hand according to your order. Alternative colors of wood finish and a wide selection of upholstery for seats and backs are available.<\/p>\n<p>Contact us, together we will determine the details of your project.<\/p>","protected":false},"excerpt":{"rendered":"<p>PEGAZ to wygodne krzes\u0142o w industrialnym stylu, kt\u00f3re doskonale nadaje si\u0119 do wn\u0119trz loftowych. Siedzisko oraz oparcie wyko\u0144czono wysokogatunkow\u0105 perforowan\u0105 sk\u00f3r\u0105, kt\u00f3ra dodaje meblowi estetycznego wygl\u0105du oraz wp\u0142ywa na jego \u017cywotno\u015b\u0107. Dzi\u0119ki temu krzes\u0142o przez d\u0142ugie lata b\u0119dzie stanowi\u0107 integraln\u0105 cz\u0119\u015b\u0107 Twojej przestrzeni. Okleina z forniru d\u0119bowego oraz najwy\u017cszej jako\u015bci tkaniny sprawiaj\u0105, \u017ce krzes\u0142o PEGAZ [&hellip;]<\/p>","protected":false},"featured_media":358,"comment_status":"open","ping_status":"closed","template":"","meta":[],"product_cat":[22],"product_tag":[],"_links":{"self":[{"href":"https:\/\/katalog.festi.pl\/en\/wp-json\/wp\/v2\/product\/325"}],"collection":[{"href":"https:\/\/katalog.festi.pl\/en\/wp-json\/wp\/v2\/product"}],"about":[{"href":"https:\/\/katalog.festi.pl\/en\/wp-json\/wp\/v2\/types\/product"}],"replies":[{"embeddable":true,"href":"https:\/\/katalog.festi.pl\/en\/wp-json\/wp\/v2\/comments?post=325"}],"wp:featuredmedia":[{"embeddable":true,"href":"https:\/\/katalog.festi.pl\/en\/wp-json\/wp\/v2\/media\/358"}],"wp:attachment":[{"href":"https:\/\/katalog.festi.pl\/en\/wp-json\/wp\/v2\/media?parent=325"}],"wp:term":[{"taxonomy":"product_cat","embeddable":true,"href":"https:\/\/katalog.festi.pl\/en\/wp-json\/wp\/v2\/product_cat?post=325"},{"taxonomy":"product_tag","embeddable":true,"href":"https:\/\/katalog.festi.pl\/en\/wp-json\/wp\/v2\/product_tag?post=325"}],"curies":[{"name":"wp","href":"https:\/\/api.w.org\/{rel}","templated":true}]}}